{"id":686,"date":"2014-11-06T14:50:01","date_gmt":"2014-11-06T13:50:01","guid":{"rendered":"http:\/\/protectas.be\/?page_id=686"},"modified":"2014-11-19T18:21:20","modified_gmt":"2014-11-19T17:21:20","slug":"ce-quil-faut-faire-en-cas-de-degats","status":"publish","type":"page","link":"https:\/\/protectas.be\/fr\/dommage\/ce-quil-faut-faire-en-cas-de-degats\/","title":{"rendered":"Que faire en cas d\u2019un sinistre?"},"content":{"rendered":"<h2>Conseil 1: Informez imm\u00e9diatement votre courtier<\/h2>\n<p>Prenez contact sans attendre avec votre courtier en assurances lorsqu&rsquo;un tiers vous a caus\u00e9 des dommages mat\u00e9riels ou corporels ou qu\u2019un litige menace vos int\u00e9r\u00eats. Agissez de m\u00eame lorsqu\u2019une partie tierce s\u2019adresse \u00e0 vous suite \u00e0 un sinistre ou litige. N\u2019attendez pas d\u2019\u00eatre assign\u00e9(e) devant un tribunal.<\/p>\n<p>D\u2019apr\u00e8s la l\u00e9gislation belge sur les assurances, votre droit \u00e0 la protection juridique s\u2019\u00e9teint par prescription apr\u00e8s trois ans. En d\u2019autres termes, si vous n\u00e9gligez de d\u00e9clarer un sinistre ou un litige dans les trois ans suivant sa survenance, vous ne pourrez pas avoir recours aux couvertures de votre police protection juridique par la suite &#8211; d\u2019o\u00f9 l\u2019importance d\u2019informer sans retard votre courtier.<\/p>\n<p>Consid\u00e9rez comme sinistre ou litige, toute situation conflictuelle pour laquelle vous \u00eates assur\u00e9(e) en protection juridique et \u00e0 propos de quoi vous pouvez raisonnablement conclure qu\u2019elle d\u00e9bouchera t\u00f4t ou tard sur une proc\u00e9dure judiciaire, peu importe que le tiers ou la partie adverse vous soit inconnu(e) au moment de la d\u00e9claration. Si par exemple, vous \u00eates victime d\u2019un vol, signalez-le rapidement non seulement \u00e0 la police, mais aussi \u00e0 votre courtier, qui en informera sans retard votre assureur. N\u2019attendez donc surtout pas, pour d\u00e9clarer le vol, que ses auteurs soient retrouv\u00e9s ou qu\u2019ils soient appel\u00e9s \u00e0 compara\u00eetre devant le tribunal.<\/p>\n<h2>Conseil 2: D\u00e9crivez bri\u00e8vement et clairement le probl\u00e8me<\/h2>\n<p>Votre courtier sait exactement dans quelle mesure votre police protection juridique peut intervenir. Il vous conseillera au mieux et agira imm\u00e9diatement, de mani\u00e8re \u00e0 d\u00e9fendre pleinement vos int\u00e9r\u00eats en collaboration avec.<\/p>\n<p>Fournissez-lui une description br\u00e8ve et claire du probl\u00e8me.<\/p>\n<p>Remettez-lui tous les documents susceptibles d\u2019\u00eatre utiles au traitement de votre dossier, de m\u00eame qu\u2019\u00e0 l\u2019\u00e9valuation du dommage ou du litige.<\/p>\n<h3>Quels sont les documents utiles ?<\/h3>\n<ul>\n<li>attestation de d\u00e9p\u00f4t de plainte au commissariat;<\/li>\n<li>photos des biens meubles ou immeubles endommag\u00e9s;<\/li>\n<li>devis du r\u00e9parateur : concessionnaire automobile, entrepreneur, plombier,\u2026;<\/li>\n<li>copie de la correspondance et du courrier \u00e9lectronique entre vous-m\u00eame et la partie adverse;<\/li>\n<li>nom et adresse de la partie adverse;<\/li>\n<li>copie de la mise en demeure adress\u00e9e par la partie adverse.<\/li>\n<\/ul>\n<h2>Conseil 3: Visez d&rsquo;abord le r\u00e8glement amiable<\/h2>\n<p>Avant de faire intervenir un avocat, consultez nous par l\u2019interm\u00e9diaire de votre courtier. Le droit \u00e0 intervention d\u2019un avocat est en effet limit\u00e9 \u00e0 la phase judiciaire du r\u00e8glement du litige. Dans un premier temps, c\u2019est donc l\u2019\u00e9quipe sp\u00e9cialis\u00e9e qui s\u2019emploiera \u00e0 d\u00e9fendre votre dossier de mani\u00e8re optimale. Souvent, elle r\u00e8glera rapidement et efficacement le litige au mieux de vos int\u00e9r\u00eats, tout en \u00e9vitant la comparution au tribunal.<\/p>\n<p>Nous r\u00e9glons \u00e0 l\u2019amiable l\u2019immense majorit\u00e9 des litiges auxquels sont confront\u00e9s ses assur\u00e9s, l\u2019intervention d\u2019un avocat et la proc\u00e9dure en justice sont souvent superflues. Ce qui \u00e9vite \u00e0 votre dossier d\u2019aller amplifier l&rsquo;engorgement des tribunaux.<\/p>\n<h2>Conseil 4: Choix de l&rsquo;avocat<\/h2>\n<p>Certains dossiers ne peuvent n\u00e9anmoins \u00eatre r\u00e9solus que par la voie judiciaire. Vous avez en pareil cas le libre choix de l\u2019avocat. Pour vous, ce choix peut s\u2019av\u00e9rer difficile : sans aucune exp\u00e9rience pratique en effet, il n\u2019est pas simple de d\u00e9signer, parmi les 15.000 avocats inscrits au Barreau, celui qui r\u00e9pondra le mieux \u00e0 vos besoins.<\/p>\n<p>Forte d\u2019une longue exp\u00e9rience et de 30.000 dossiers trait\u00e9s chaque ann\u00e9e, nous connons des avocats sp\u00e9cialis\u00e9s pour chaque mati\u00e8re. Si vous ne disposez d\u2019aucune connaissance ou exp\u00e9rience particuli\u00e8re dans ce domaine, nous vous aidera \u00e0 choisir l\u2019avocat le plus adapt\u00e9 \u00e0 votre cas.<\/p>\n","protected":false},"excerpt":{"rendered":"<p>Conseil 1: Informez imm\u00e9diatement votre courtier Prenez contact sans attendre avec votre courtier en assurances lorsqu&rsquo;un tiers vous a caus\u00e9 des dommages mat\u00e9riels ou corporels ou qu\u2019un litige menace vos int\u00e9r\u00eats. Agissez de m\u00eame lorsqu\u2019une partie tierce s\u2019adresse \u00e0 vous suite \u00e0 un sinistre ou litige. N\u2019attendez pas d\u2019\u00eatre assign\u00e9(e) devant un tribunal. D\u2019apr\u00e8s la&#8230;<\/p>\n","protected":false},"author":1,"featured_media":0,"parent":682,"menu_order":0,"comment_status":"closed","ping_status":"closed","template":"","meta":{"_acf_changed":false,"footnotes":""},"class_list":["post-686","page","type-page","status-publish","hentry"],"acf":[],"yoast_head":"<!-- This site is optimized with the Yoast SEO plugin v27.4 - https:\/\/yoast.com\/product\/yoast-seo-wordpress\/ -->\n<title>Que faire en cas d\u2019un sinistre? - Protectas Risk Management<\/title>\n<meta name=\"description\" content=\"Ondernemen betekent risico\u2019s nemen. Zonder dat de continu\u00efteit in gevaar komt. Een degelijk risk management is dan essentieel. Protectas is uw partner voor een doordacht risicobeheer van uw onderneming.\" \/>\n<meta name=\"robots\" content=\"index, follow, max-snippet:-1, max-image-preview:large, max-video-preview:-1\" \/>\n<link rel=\"canonical\" href=\"https:\/\/protectas.be\/fr\/dommage\/ce-quil-faut-faire-en-cas-de-degats\/\" \/>\n<meta property=\"og:locale\" content=\"fr_FR\" \/>\n<meta property=\"og:type\" content=\"article\" \/>\n<meta property=\"og:title\" content=\"Que faire en cas d\u2019un sinistre? - Protectas Risk Management\" \/>\n<meta property=\"og:description\" content=\"Ondernemen betekent risico\u2019s nemen. Zonder dat de continu\u00efteit in gevaar komt. Een degelijk risk management is dan essentieel. Protectas is uw partner voor een doordacht risicobeheer van uw onderneming.\" \/>\n<meta property=\"og:url\" content=\"https:\/\/protectas.be\/fr\/dommage\/ce-quil-faut-faire-en-cas-de-degats\/\" \/>\n<meta property=\"og:site_name\" content=\"Protectas Risk Management\" \/>\n<meta property=\"article:modified_time\" content=\"2014-11-19T17:21:20+00:00\" \/>\n<meta name=\"twitter:label1\" content=\"Dur\u00e9e de lecture estim\u00e9e\" \/>\n\t<meta name=\"twitter:data1\" content=\"3 minutes\" \/>\n<script type=\"application\/ld+json\" class=\"yoast-schema-graph\">{\"@context\":\"https:\\\/\\\/schema.org\",\"@graph\":[{\"@type\":\"WebPage\",\"@id\":\"https:\\\/\\\/protectas.be\\\/fr\\\/dommage\\\/ce-quil-faut-faire-en-cas-de-degats\\\/\",\"url\":\"https:\\\/\\\/protectas.be\\\/fr\\\/dommage\\\/ce-quil-faut-faire-en-cas-de-degats\\\/\",\"name\":\"Que faire en cas d\u2019un sinistre? - Protectas Risk Management\",\"isPartOf\":{\"@id\":\"https:\\\/\\\/protectas.be\\\/#website\"},\"datePublished\":\"2014-11-06T13:50:01+00:00\",\"dateModified\":\"2014-11-19T17:21:20+00:00\",\"description\":\"Ondernemen betekent risico\u2019s nemen. Zonder dat de continu\u00efteit in gevaar komt. Een degelijk risk management is dan essentieel. Protectas is uw partner voor een doordacht risicobeheer van uw onderneming.\",\"breadcrumb\":{\"@id\":\"https:\\\/\\\/protectas.be\\\/fr\\\/dommage\\\/ce-quil-faut-faire-en-cas-de-degats\\\/#breadcrumb\"},\"inLanguage\":\"fr-FR\",\"potentialAction\":[{\"@type\":\"ReadAction\",\"target\":[\"https:\\\/\\\/protectas.be\\\/fr\\\/dommage\\\/ce-quil-faut-faire-en-cas-de-degats\\\/\"]}]},{\"@type\":\"BreadcrumbList\",\"@id\":\"https:\\\/\\\/protectas.be\\\/fr\\\/dommage\\\/ce-quil-faut-faire-en-cas-de-degats\\\/#breadcrumb\",\"itemListElement\":[{\"@type\":\"ListItem\",\"position\":1,\"name\":\"Home\",\"item\":\"https:\\\/\\\/protectas.be\\\/fr\\\/\"},{\"@type\":\"ListItem\",\"position\":2,\"name\":\"Sinistres\",\"item\":\"https:\\\/\\\/protectas.be\\\/fr\\\/dommage\\\/\"},{\"@type\":\"ListItem\",\"position\":3,\"name\":\"Que faire en cas d\u2019un sinistre?\"}]},{\"@type\":\"WebSite\",\"@id\":\"https:\\\/\\\/protectas.be\\\/#website\",\"url\":\"https:\\\/\\\/protectas.be\\\/\",\"name\":\"Protectas Risk Management\",\"description\":\"\",\"potentialAction\":[{\"@type\":\"SearchAction\",\"target\":{\"@type\":\"EntryPoint\",\"urlTemplate\":\"https:\\\/\\\/protectas.be\\\/?s={search_term_string}\"},\"query-input\":{\"@type\":\"PropertyValueSpecification\",\"valueRequired\":true,\"valueName\":\"search_term_string\"}}],\"inLanguage\":\"fr-FR\"}]}<\/script>\n<!-- \/ Yoast SEO plugin. -->","yoast_head_json":{"title":"Que faire en cas d\u2019un sinistre? - Protectas Risk Management","description":"Ondernemen betekent risico\u2019s nemen. Zonder dat de continu\u00efteit in gevaar komt. Een degelijk risk management is dan essentieel. Protectas is uw partner voor een doordacht risicobeheer van uw onderneming.","robots":{"index":"index","follow":"follow","max-snippet":"max-snippet:-1","max-image-preview":"max-image-preview:large","max-video-preview":"max-video-preview:-1"},"canonical":"https:\/\/protectas.be\/fr\/dommage\/ce-quil-faut-faire-en-cas-de-degats\/","og_locale":"fr_FR","og_type":"article","og_title":"Que faire en cas d\u2019un sinistre? - Protectas Risk Management","og_description":"Ondernemen betekent risico\u2019s nemen. Zonder dat de continu\u00efteit in gevaar komt. Een degelijk risk management is dan essentieel. Protectas is uw partner voor een doordacht risicobeheer van uw onderneming.","og_url":"https:\/\/protectas.be\/fr\/dommage\/ce-quil-faut-faire-en-cas-de-degats\/","og_site_name":"Protectas Risk Management","article_modified_time":"2014-11-19T17:21:20+00:00","twitter_misc":{"Dur\u00e9e de lecture estim\u00e9e":"3 minutes"},"schema":{"@context":"https:\/\/schema.org","@graph":[{"@type":"WebPage","@id":"https:\/\/protectas.be\/fr\/dommage\/ce-quil-faut-faire-en-cas-de-degats\/","url":"https:\/\/protectas.be\/fr\/dommage\/ce-quil-faut-faire-en-cas-de-degats\/","name":"Que faire en cas d\u2019un sinistre? - Protectas Risk Management","isPartOf":{"@id":"https:\/\/protectas.be\/#website"},"datePublished":"2014-11-06T13:50:01+00:00","dateModified":"2014-11-19T17:21:20+00:00","description":"Ondernemen betekent risico\u2019s nemen. Zonder dat de continu\u00efteit in gevaar komt. Een degelijk risk management is dan essentieel. Protectas is uw partner voor een doordacht risicobeheer van uw onderneming.","breadcrumb":{"@id":"https:\/\/protectas.be\/fr\/dommage\/ce-quil-faut-faire-en-cas-de-degats\/#breadcrumb"},"inLanguage":"fr-FR","potentialAction":[{"@type":"ReadAction","target":["https:\/\/protectas.be\/fr\/dommage\/ce-quil-faut-faire-en-cas-de-degats\/"]}]},{"@type":"BreadcrumbList","@id":"https:\/\/protectas.be\/fr\/dommage\/ce-quil-faut-faire-en-cas-de-degats\/#breadcrumb","itemListElement":[{"@type":"ListItem","position":1,"name":"Home","item":"https:\/\/protectas.be\/fr\/"},{"@type":"ListItem","position":2,"name":"Sinistres","item":"https:\/\/protectas.be\/fr\/dommage\/"},{"@type":"ListItem","position":3,"name":"Que faire en cas d\u2019un sinistre?"}]},{"@type":"WebSite","@id":"https:\/\/protectas.be\/#website","url":"https:\/\/protectas.be\/","name":"Protectas Risk Management","description":"","potentialAction":[{"@type":"SearchAction","target":{"@type":"EntryPoint","urlTemplate":"https:\/\/protectas.be\/?s={search_term_string}"},"query-input":{"@type":"PropertyValueSpecification","valueRequired":true,"valueName":"search_term_string"}}],"inLanguage":"fr-FR"}]}},"_links":{"self":[{"href":"https:\/\/protectas.be\/fr\/wp-json\/wp\/v2\/pages\/686\/"}],"collection":[{"href":"https:\/\/protectas.be\/fr\/wp-json\/wp\/v2\/pages\/"}],"about":[{"href":"https:\/\/protectas.be\/fr\/wp-json\/wp\/v2\/types\/page\/"}],"author":[{"embeddable":true,"href":"https:\/\/protectas.be\/fr\/wp-json\/wp\/v2\/users\/1\/"}],"replies":[{"embeddable":true,"href":"https:\/\/protectas.be\/fr\/wp-json\/wp\/v2\/comments\/?post=686"}],"version-history":[{"count":5,"href":"https:\/\/protectas.be\/fr\/wp-json\/wp\/v2\/pages\/686\/revisions\/"}],"predecessor-version":[{"id":1949,"href":"https:\/\/protectas.be\/fr\/wp-json\/wp\/v2\/pages\/686\/revisions\/1949\/"}],"up":[{"embeddable":true,"href":"https:\/\/protectas.be\/fr\/wp-json\/wp\/v2\/pages\/682\/"}],"wp:attachment":[{"href":"https:\/\/protectas.be\/fr\/wp-json\/wp\/v2\/media\/?parent=686"}],"curies":[{"name":"wp","href":"https:\/\/api.w.org\/{rel}","templated":true}]}}