{"id":680,"date":"2014-11-06T14:44:40","date_gmt":"2014-11-06T13:44:40","guid":{"rendered":"http:\/\/protectas.be\/?page_id=680"},"modified":"2018-06-27T14:24:42","modified_gmt":"2018-06-27T13:24:42","slug":"clause-de-confidentialite","status":"publish","type":"page","link":"https:\/\/protectas.be\/fr\/clause-de-confidentialite\/","title":{"rendered":"Clause de confidentialit\u00e9"},"content":{"rendered":"<p><strong>Protectas Risk Management<\/strong><\/p>\r\n\r\n<p>Zelliksesteenweg 12<\/p>\r\n\r\n<p>Brussel 1082<\/p>\r\n\r\n<p>RPR Brussel, Brussel<\/p>\r\n\r\n<p>Courtier d\u2019assurance, enregistr\u00e9 dans le registre FSMA sous le N\u00b0 16896 A<\/p>\r\n\r\n<p><strong>D\u00c9CLARATION DE CONFIDENTIALIT\u00c9<\/strong><\/p>\r\n\r\n<p>Protectas Risk Management (nomm\u00e9 ci-apr\u00e8s : \u201cbureau\u201d) prend vos droits de traitement des donn\u00e9es au s\u00e9rieux. Dans ce document de politique, nous expliquons comment nous collectons, traitons et utilisons vos donn\u00e9es personnelles. Il constitue la politique g\u00e9n\u00e9rale du bureau dans le domaine du traitement des donn\u00e9es, conform\u00e9ment \u00e0 la l\u00e9gislation applicable, y compris le r\u00e8glement g\u00e9n\u00e9ral sur la protection des donn\u00e9es (GDPR).<\/p>\r\n\r\n<p>En tant que courtier d\u2019assurance, le bureau peut remplir un double r\u00f4le dans le domaine du traitement des donn\u00e9es. Dans ce cas, nous sommes \u00e0 la fois contr\u00f4leur et processeur. Nous assumons le r\u00f4le de contr\u00f4leur lorsque nous traitons des donn\u00e9es en notre propre nom et pour notre propre compte. En outre, pour le b\u00e9n\u00e9fice des entreprises, nous remplissons \u00e9galement le r\u00f4le de processeur. Cela signifie que nous collectons et traitons \u00e9galement les donn\u00e9es personnelles des compagnies d\u2019assurance avec lesquelles nous travaillons et aupr\u00e8s desquelles nous vous proposons des produits. Dans cette d\u00e9claration, nous allons seulement plus loin dans le traitement de vos donn\u00e9es en tant que contr\u00f4leur.<\/p>\r\n\r\n<p><strong>Gestionnaire de traitement<\/strong><\/p>\r\n\r\n<p>La personne responsable du traitement est le nom du<\/p>\r\n\r\n<p>Protectas Risk Management<\/p>\r\n\r\n<p>Zelliksesteenweg 12<\/p>\r\n\r\n<p>Brussel 1082<\/p>\r\n\r\n<p>0423.039.170<\/p>\r\n\r\n<p>Pour toute question concernant notre politique de confidentialit\u00e9, vous pouvez nous contacter via info@protectas.be. Pour les questions qui vont au-del\u00e0 d\u2019une simple demande d\u2019information, nous pouvons vous demander de vous identifier afin que nous puissions \u00eatre s\u00fbrs que nous fournissons les informations et les donn\u00e9es demand\u00e9es \u00e0 la personne concern\u00e9e.<\/p>\r\n\r\n<p><strong>Lorsque notre bureau recueille et traite les donn\u00e9es?<\/strong><\/p>\r\n\r\n<p>Le bureau recueille et traite les informations vous concernant lorsque vous nous contactez pour obtenir des conseils sur les contrats d\u2019assurance, d\u2019offrir ou proposer des contrats d\u2019assurance, effectuer des travaux pr\u00e9paratoires en vue de conclure des contrats d\u2019assurance et conclure des contrats d\u2019assurance. De plus, vous pouvez \u00e9galement nous contacter pour une assistance dans la gestion et la mise en place de vos contrats d\u2019assurance. M\u00eame si vous nous contactez d\u2019une autre mani\u00e8re, nous devrons (obligation) traiter vos donn\u00e9es. Enfin, nous pouvons \u00e9galement obtenir des informations vous concernant aupr\u00e8s de tiers et utiliser ces informations pour vous contacter afin de conclure un accord par le biais de notre m\u00e9diation.<\/p>\r\n\r\n<p><strong>Quelles sont les donn\u00e9es collect\u00e9es et trait\u00e9es par notre bureau?<\/strong><\/p>\r\n\r\n<p>Le bureau collecte et traite les informations que vous nous communiquez concernant le contact avec le bureau, telles que votre nom, adresse, adresse e-mail et donn\u00e9es professionnelles, telles que le nom de l\u2019entreprise et le num\u00e9ro de TVA. Cela concerne \u00e9galement toutes les donn\u00e9es n\u00e9cessaires pour nous permettre d\u2019estimer vos besoins d\u2019assurance. Cela comprend des informations sur votre maison (dans le cadre d\u2019une police d\u2019assurance incendie), vos donn\u00e9es financi\u00e8res (pour l\u2019assurance investissement) et les donn\u00e9es m\u00e9dicales (pour l\u2019assurance maladie). Vos donn\u00e9es ne seront trait\u00e9es que dans le cadre de l\u2019assurance pour laquelle vous d\u00e9pendez de nous, sauf si vous le souhaitez.<\/p>\r\n\r\n<p>Nous collectons ces donn\u00e9es lorsque vous compl\u00e9tez nos documents et formulaires manuellement et \u00e9galement lorsque vous le faites par voie \u00e9lectronique. Les cookies sont utilis\u00e9s lors de la visite de notre site Web. Pour plus d\u2019informations \u00e0 ce sujet, vous pouvez contacter le bureau ou vous pouvez \u00e9galement visiter notre site Web.<\/p>\r\n\r\n<p><strong>Dans quel but notre bureau recueille-t-il et traite-t-il les donn\u00e9es?<\/strong><\/p>\r\n\r\n<p>Les objectifs pour lesquels nous traitons les donn\u00e9es sont de nature diverse et sont expos\u00e9s ci-dessous. &nbsp;<\/p>\r\n\r\n<p>Pour nos clients, nous traitons ces donn\u00e9es pour la gestion de la client\u00e8le, en particulier l\u2019acceptation, la gestion et la conclusion de contrats d\u2019assurance et la promotion d\u2019autres produits et services de notre bureau lui-m\u00eame. Ces traitements sont principalement bas\u00e9s sur la relation contractuelle avec nos clients, mais aussi, en ce qui concerne la prospection, sur votre consentement explicite.<\/p>\r\n\r\n<p>Pour les fournisseurs, nous traitons ces donn\u00e9es dans le cadre de la gestion de nos fournisseurs et sur la base de la relation contractuelle que nous avons ou construisons avec ces derniers.<\/p>\r\n\r\n<p>En ce qui concerne les prospects, il s\u2019agit de personnes physiques qui ne sont pas (encore) clientes chez nous, nous traitons les donn\u00e9es \u00e0 des fins de marketing direct, en fonction de notre int\u00e9r\u00eat l\u00e9gitime \u00e0 entreprendre. Pour les prospects qui sont contact\u00e9s par e-mail, nous demandons la permission explicite de les approcher dans le futur. Les prospects contact\u00e9s par lettre demandent une clause d\u2019exclusion s\u2019ils ne veulent pas \u00eatre approch\u00e9s par nos services.<\/p>\r\n\r\n<p>Pour nos employ\u00e9s, nous traitons les donn\u00e9es \u00e0 des fins telles que la gestion du personnel et l\u2019administration de la paie.<\/p>\r\n\r\n<p>En ce qui concerne notre site Internet, nous adaptons le contenu et la facilit\u00e9 d\u2019utilisation autant que possible pour vous en tant qu\u2019utilisateurs. Nous traitons \u00e9galement vos donn\u00e9es afin de respecter les obligations d\u00e9coulant de la mise \u00e0 disposition d\u2019un site web et de son contenu et vous permettre d\u2019utiliser les applications et services interactifs sur ce site.<\/p>\r\n\r\n<p><strong>Quelles sont les bases pour le traitement des donn\u00e9es par notre bureau?<\/strong><\/p>\r\n\r\n<p>En principe, nous collectons et traitons vos donn\u00e9es sur la base de la relation contractuelle que nous avons avec vous \u00e0 la suite de votre demande ou de votre demande li\u00e9e \u00e0 une obligation d\u2019assurance et des accords qui en r\u00e9sultent, ainsi que dans le cadre d\u2019une demande d\u2019assistance ou dans la gestion et le suivi des contrats d\u2019assurance que vous avez conclus.<\/p>\r\n\r\n<p>Lorsque le traitement n\u2019est pas n\u00e9cessaire \u00e0 l\u2019ex\u00e9cution de la relation contractuelle, il est fond\u00e9 sur nos int\u00e9r\u00eats l\u00e9gitimes en tant que soci\u00e9t\u00e9, en particulier la libert\u00e9 d\u2019entreprise et d\u2019information. Ce faisant, nous veillons toujours \u00e0 ce qu\u2019il y ait un \u00e9quilibre entre nos int\u00e9r\u00eats et vos int\u00e9r\u00eats, par exemple en vous accordant un droit d\u2019opposition.<\/p>\r\n\r\n<p>En ce qui concerne les donn\u00e9es de sant\u00e9 ou les donn\u00e9es dites sensibles, nous ne pouvons traiter vos donn\u00e9es personnelles qu\u2019avec votre consentement explicite. On vous le demandera au moment o\u00f9 vous devenez client. Si ce n\u2019est pas le cas, nous vous demandons de nous le signaler afin que les mesures n\u00e9cessaires puissent \u00eatre prises.<\/p>\r\n\r\n<p><strong>Les donn\u00e9es sont-elles communiqu\u00e9es \u00e0 des tiers?<\/strong><\/p>\r\n\r\n<p>Vos donn\u00e9es sont principalement trait\u00e9es en interne. Cela ne change rien au fait qu\u2019elles doivent \u00eatre communiqu\u00e9es \u00e0 la compagnie d\u2019assurance avec laquelle vous concluez finalement le contrat.<\/p>\r\n\r\n<p>Il est possible que nous ayons recours \u00e0 des tiers pour certains services ponctuels. Dans ce cas, vos donn\u00e9es peuvent \u00eatre transmises \u00e0 ces tiers, mais uniquement pour le service concern\u00e9 et toujours sous le contr\u00f4le de notre bureau.<\/p>\r\n\r\n<p>Dans certains cas, il existe une obligation l\u00e9gale de transf\u00e9rer certaines donn\u00e9es. Ceci est particuli\u00e8rement le cas lorsque nous sommes l\u00e9galement oblig\u00e9s de le faire ou que les agences gouvernementales ont le droit de nous demander ces donn\u00e9es.<\/p>\r\n\r\n<p>En principe, vos donn\u00e9es ne seront pas transmises \u00e0 des pays tiers ou \u00e0 des organisations internationales.<\/p>\r\n\r\n<p><strong>Vos droits<\/strong><\/p>\r\n\r\n<p>Les r\u00e8glements vous accordent divers droits qui doivent vous assurer une protection ad\u00e9quate.<\/p>\r\n\r\n<p>Vous pouvez \u00e0 tout moment vous opposer \u00e0 l\u2019utilisation de vos donn\u00e9es par notre bureau \u00e0 des fins de marketing direct. Si vous ne voulez pas \u00eatre tenu au courant des offres de notre bureau, vous pouvez le signaler [via mention de l\u2019adresse e-mail par laquelle cela ne peut parvenir] ou en cochant une case dans les informations qui vous sont fournies \u00e0 des occasions sp\u00e9cifiques.<\/p>\r\n\r\n<p>Vous pouvez toujours consulter les donn\u00e9es que nous traitons \u00e0 votre sujet et les corriger si n\u00e9cessaire. Pour ce faire, il suffit de le demander [par mention de l\u2019adresse mail via laquelle cela peut \u00eatre fait], avec une preuve de votre identit\u00e9 et \u00e0 qui vous demandez d\u2019\u00e9viter que vos donn\u00e9es ne soient communiqu\u00e9es.<\/p>\r\n\r\n<p>Si vous n\u2019\u00eates pas d\u2019accord avec la fa\u00e7on dont nous traitons vos donn\u00e9es, vous pouvez toujours d\u00e9poser une plainte aupr\u00e8s de l\u2019Autorit\u00e9 de protection des donn\u00e9es, Rue des Imprimeurs&nbsp;35, 1000 Bruxelles. Vous pouvez \u00e9galement y aller pour toutes les questions g\u00e9n\u00e9rales concernant le traitement et la protection des donn\u00e9es personnelles.<\/p>\r\n\r\n<p><strong>Changements<\/strong><\/p>\r\n\r\n<p>Notre bureau se r\u00e9serve le droit de modifier cette d\u00e9claration et\/ou cette politique. Les modifications seront signal\u00e9es aux utilisateurs \u00e0 travers le site Web.<\/p>\r\n\r\n<p><em>25.05.2018, versie 1<\/em><\/p>\r\n\n","protected":false},"excerpt":{"rendered":"","protected":false},"author":1,"featured_media":0,"parent":0,"menu_order":0,"comment_status":"closed","ping_status":"closed","template":"","meta":{"_acf_changed":false,"footnotes":""},"class_list":["post-680","page","type-page","status-publish","hentry"],"acf":[],"yoast_head":"<!-- This site is optimized with the Yoast SEO plugin v27.5 - https:\/\/yoast.com\/product\/yoast-seo-wordpress\/ -->\n<title>Clause de confidentialit\u00e9 - Protectas Risk Management<\/title>\n<meta name=\"description\" content=\"Ondernemen betekent risico\u2019s nemen. Zonder dat de continu\u00efteit in gevaar komt. Een degelijk risk management is dan essentieel. Protectas is uw partner voor een doordacht risicobeheer van uw onderneming.\" \/>\n<meta name=\"robots\" content=\"index, follow, max-snippet:-1, max-image-preview:large, max-video-preview:-1\" \/>\n<link rel=\"canonical\" href=\"https:\/\/protectas.be\/fr\/clause-de-confidentialite\/\" \/>\n<meta property=\"og:locale\" content=\"fr_FR\" \/>\n<meta property=\"og:type\" content=\"article\" \/>\n<meta property=\"og:title\" content=\"Clause de confidentialit\u00e9 - Protectas Risk Management\" \/>\n<meta property=\"og:description\" content=\"Ondernemen betekent risico\u2019s nemen. Zonder dat de continu\u00efteit in gevaar komt. Een degelijk risk management is dan essentieel. Protectas is uw partner voor een doordacht risicobeheer van uw onderneming.\" \/>\n<meta property=\"og:url\" content=\"https:\/\/protectas.be\/fr\/clause-de-confidentialite\/\" \/>\n<meta property=\"og:site_name\" content=\"Protectas Risk Management\" \/>\n<meta property=\"article:modified_time\" content=\"2018-06-27T13:24:42+00:00\" \/>\n<script type=\"application\/ld+json\" class=\"yoast-schema-graph\">{\"@context\":\"https:\\\/\\\/schema.org\",\"@graph\":[{\"@type\":\"WebPage\",\"@id\":\"https:\\\/\\\/protectas.be\\\/fr\\\/clause-de-confidentialite\\\/\",\"url\":\"https:\\\/\\\/protectas.be\\\/fr\\\/clause-de-confidentialite\\\/\",\"name\":\"Clause de confidentialit\u00e9 - Protectas Risk Management\",\"isPartOf\":{\"@id\":\"https:\\\/\\\/protectas.be\\\/#website\"},\"datePublished\":\"2014-11-06T13:44:40+00:00\",\"dateModified\":\"2018-06-27T13:24:42+00:00\",\"description\":\"Ondernemen betekent risico\u2019s nemen. Zonder dat de continu\u00efteit in gevaar komt. Een degelijk risk management is dan essentieel. Protectas is uw partner voor een doordacht risicobeheer van uw onderneming.\",\"breadcrumb\":{\"@id\":\"https:\\\/\\\/protectas.be\\\/fr\\\/clause-de-confidentialite\\\/#breadcrumb\"},\"inLanguage\":\"fr-FR\",\"potentialAction\":[{\"@type\":\"ReadAction\",\"target\":[\"https:\\\/\\\/protectas.be\\\/fr\\\/clause-de-confidentialite\\\/\"]}]},{\"@type\":\"BreadcrumbList\",\"@id\":\"https:\\\/\\\/protectas.be\\\/fr\\\/clause-de-confidentialite\\\/#breadcrumb\",\"itemListElement\":[{\"@type\":\"ListItem\",\"position\":1,\"name\":\"Home\",\"item\":\"https:\\\/\\\/protectas.be\\\/fr\\\/\"},{\"@type\":\"ListItem\",\"position\":2,\"name\":\"Clause de confidentialit\u00e9\"}]},{\"@type\":\"WebSite\",\"@id\":\"https:\\\/\\\/protectas.be\\\/#website\",\"url\":\"https:\\\/\\\/protectas.be\\\/\",\"name\":\"Protectas Risk Management\",\"description\":\"\",\"potentialAction\":[{\"@type\":\"SearchAction\",\"target\":{\"@type\":\"EntryPoint\",\"urlTemplate\":\"https:\\\/\\\/protectas.be\\\/?s={search_term_string}\"},\"query-input\":{\"@type\":\"PropertyValueSpecification\",\"valueRequired\":true,\"valueName\":\"search_term_string\"}}],\"inLanguage\":\"fr-FR\"}]}<\/script>\n<!-- \/ Yoast SEO plugin. -->","yoast_head_json":{"title":"Clause de confidentialit\u00e9 - Protectas Risk Management","description":"Ondernemen betekent risico\u2019s nemen. Zonder dat de continu\u00efteit in gevaar komt. Een degelijk risk management is dan essentieel. Protectas is uw partner voor een doordacht risicobeheer van uw onderneming.","robots":{"index":"index","follow":"follow","max-snippet":"max-snippet:-1","max-image-preview":"max-image-preview:large","max-video-preview":"max-video-preview:-1"},"canonical":"https:\/\/protectas.be\/fr\/clause-de-confidentialite\/","og_locale":"fr_FR","og_type":"article","og_title":"Clause de confidentialit\u00e9 - Protectas Risk Management","og_description":"Ondernemen betekent risico\u2019s nemen. Zonder dat de continu\u00efteit in gevaar komt. Een degelijk risk management is dan essentieel. Protectas is uw partner voor een doordacht risicobeheer van uw onderneming.","og_url":"https:\/\/protectas.be\/fr\/clause-de-confidentialite\/","og_site_name":"Protectas Risk Management","article_modified_time":"2018-06-27T13:24:42+00:00","schema":{"@context":"https:\/\/schema.org","@graph":[{"@type":"WebPage","@id":"https:\/\/protectas.be\/fr\/clause-de-confidentialite\/","url":"https:\/\/protectas.be\/fr\/clause-de-confidentialite\/","name":"Clause de confidentialit\u00e9 - Protectas Risk Management","isPartOf":{"@id":"https:\/\/protectas.be\/#website"},"datePublished":"2014-11-06T13:44:40+00:00","dateModified":"2018-06-27T13:24:42+00:00","description":"Ondernemen betekent risico\u2019s nemen. Zonder dat de continu\u00efteit in gevaar komt. Een degelijk risk management is dan essentieel. Protectas is uw partner voor een doordacht risicobeheer van uw onderneming.","breadcrumb":{"@id":"https:\/\/protectas.be\/fr\/clause-de-confidentialite\/#breadcrumb"},"inLanguage":"fr-FR","potentialAction":[{"@type":"ReadAction","target":["https:\/\/protectas.be\/fr\/clause-de-confidentialite\/"]}]},{"@type":"BreadcrumbList","@id":"https:\/\/protectas.be\/fr\/clause-de-confidentialite\/#breadcrumb","itemListElement":[{"@type":"ListItem","position":1,"name":"Home","item":"https:\/\/protectas.be\/fr\/"},{"@type":"ListItem","position":2,"name":"Clause de confidentialit\u00e9"}]},{"@type":"WebSite","@id":"https:\/\/protectas.be\/#website","url":"https:\/\/protectas.be\/","name":"Protectas Risk Management","description":"","potentialAction":[{"@type":"SearchAction","target":{"@type":"EntryPoint","urlTemplate":"https:\/\/protectas.be\/?s={search_term_string}"},"query-input":{"@type":"PropertyValueSpecification","valueRequired":true,"valueName":"search_term_string"}}],"inLanguage":"fr-FR"}]}},"_links":{"self":[{"href":"https:\/\/protectas.be\/fr\/wp-json\/wp\/v2\/pages\/680\/"}],"collection":[{"href":"https:\/\/protectas.be\/fr\/wp-json\/wp\/v2\/pages\/"}],"about":[{"href":"https:\/\/protectas.be\/fr\/wp-json\/wp\/v2\/types\/page\/"}],"author":[{"embeddable":true,"href":"https:\/\/protectas.be\/fr\/wp-json\/wp\/v2\/users\/1\/"}],"replies":[{"embeddable":true,"href":"https:\/\/protectas.be\/fr\/wp-json\/wp\/v2\/comments\/?post=680"}],"version-history":[{"count":2,"href":"https:\/\/protectas.be\/fr\/wp-json\/wp\/v2\/pages\/680\/revisions\/"}],"predecessor-version":[{"id":3181,"href":"https:\/\/protectas.be\/fr\/wp-json\/wp\/v2\/pages\/680\/revisions\/3181\/"}],"wp:attachment":[{"href":"https:\/\/protectas.be\/fr\/wp-json\/wp\/v2\/media\/?parent=680"}],"curies":[{"name":"wp","href":"https:\/\/api.w.org\/{rel}","templated":true}]}}