{"id":678,"date":"2014-11-06T14:44:14","date_gmt":"2014-11-06T13:44:14","guid":{"rendered":"http:\/\/protectas.be\/?page_id=678"},"modified":"2018-06-27T14:21:51","modified_gmt":"2018-06-27T13:21:51","slug":"desistement","status":"publish","type":"page","link":"https:\/\/protectas.be\/fr\/desistement\/","title":{"rendered":"Disclaimer"},"content":{"rendered":"<p><strong>AVIS DE NON-RESPONSABILIT\u00c9<\/strong><\/p>\r\n\r\n<p>Bien que nous ayons l\u2019intention de distribuer des informations actualis\u00e9es et correctes, nous ne pouvons pas garantir un r\u00e9sultat parfait. Toutes les inexactitudes identifi\u00e9es par nos soins seront corrig\u00e9es d\u00e8s que possible, et ne peuvent pas \u00eatre consid\u00e9r\u00e9es comme des documents juridiquement valides et peuvent contenir des imperfections de toutes sortes. Les informations sont fournies et affich\u00e9es sans aucune forme de garantie. Ni le Protectas Risk Management, ni le d\u00e9tenteur de ce site Web ne peuvent \u00eatre tenus responsables d\u2019\u00e9ventuels virus, si ceux-ci, malgr\u00e9 les pr\u00e9cautions prises sur le site, s\u2019introduisent. Protectas Risk Management d\u00e9cline toute responsabilit\u00e9 pour tout dommage que ces virus pourraient causer. Protectas Risk Management se r\u00e9serve express\u00e9ment le droit de modifier les informations sur le site \u00e0 tout moment. Ni le Protectas Risk Management, ni le d\u00e9tenteur de ce site Web ne peuvent \u00eatre tenus responsables des informations contenues sur ce site Web et de toute responsabilit\u00e9 pour tout dommage r\u00e9sultant ou associ\u00e9 \u00e0 l\u2019acc\u00e8s ou \u00e0 l\u2019utilisation de celui-ci. Le fonctionnement irr\u00e9prochable et\/ou ininterrompu du site ne peut \u00eatre garanti.<\/p>\r\n\r\n<p><strong>Important&nbsp;: <\/strong><\/p>\r\n\r\n<p>Les informations sur ce site ne peuvent en aucun cas \u00eatre consid\u00e9r\u00e9es comme une offre d\u2019achat ou de vente. Pour les prix sur notre site Web, nous nous effor\u00e7ons d\u2019offrir la repr\u00e9sentation la plus pr\u00e9cise possible de la r\u00e9alit\u00e9 et des prix pr\u00e9vus. Les erreurs qui surviennent et qui sont identifiables comme des erreurs de programmation et\/ou de frappe ne constituent jamais une raison pour revendiquer un contrat et\/ou un accord. L\u2019utilisation des documents que vous pouvez t\u00e9l\u00e9charger sur ce site est \u00e9galement de nature informative.<\/p>\r\n\r\n<p><strong>Liens vers d\u2019autres sites Internet&nbsp;:<\/strong><\/p>\r\n\r\n<p>Certains documents sur ce site contiennent des r\u00e9f\u00e9rences ou des suggestions d\u2019informations provenant d\u2019autres organisations. Protectas Risk Management ne peut pas garantir que les informations externes pertinentes sont exactes, \u00e0 jour et\/ou correctes. Les partenaires, les organisations et les adresses Internet mentionn\u00e9s sur ce site sont choisis objectivement dans le seul but de fournir \u00e0 nos visiteurs les informations les plus pertinentes et compl\u00e8tes. Cependant, nous ne pouvons pas garantir que les informations fournies soient compl\u00e8tes, exactes et\/ou \u00e0 jour. La mention de ces partenaires et\/ou la r\u00e9f\u00e9rence aux produits ne signifie en aucun cas qu\u2019ils sont recommand\u00e9s par rapport \u00e0 d\u2019autres entreprises ou produits similaires qui ne sont pas mentionn\u00e9s sur notre site. La responsabilit\u00e9 envers nous pour le contenu de ces sites n\u2019est pas accept\u00e9e.<\/p>\r\n\r\n<p><strong>Conseils via le site Internet&nbsp;: <\/strong><\/p>\r\n\r\n<p>Si des conseils sont donn\u00e9s directement ou indirectement via le site Web pour prendre des d\u00e9cisions m\u00e9dicales, juridiques, financi\u00e8res ou autres de nature personnelle et\/ou commerciale, ces recommandations sont donn\u00e9es sans aucune forme de garantie et sans que le Protectas Risk Management en soit responsable. Vous devriez toujours consulter un expert dans ce domaine pour plus d\u2019informations sur les conseils adapt\u00e9s \u00e0 votre situation. Demander des informations ou une offre au moyen des formulaires de contact sur ce site ne donne aucunement lieu \u00e0 un engagement de l\u2019une des parties.<\/p>\r\n\r\n<p><strong>Droits de propri\u00e9t\u00e9 intellectuelle&nbsp;: <\/strong><\/p>\r\n\r\n<p>Les textes, dessins, photographies, films, images, donn\u00e9es, bases de donn\u00e9es, logiciels, noms, noms commerciaux et noms de domaine, marques, logos et autres \u00e9l\u00e9ments de ce site sont prot\u00e9g\u00e9s par des droits intellectuels et appartiennent \u00e0 Protectas Risk Management ou \u00e0 des tiers. Il est interdit de sauvegarder les informations propos\u00e9es sur et via ce site (autres que celles n\u00e9cessaires \u00e0 la consultation du site), de les reproduire, les modifier, les rendre publiques, les distribuer ou les envoyer, les vendre sans l\u2019accord pr\u00e9alable \u00e9crit de Protectas Risk Management ou d\u2019en transf\u00e9rer ou accorder des droits \u00e0 des tiers.<\/p>\r\n\r\n<p><strong>Utilisation non autoris\u00e9e du site&nbsp;:<\/strong><\/p>\r\n\r\n<p><strong>Vous vous engagez, entre autres \u00e0&nbsp;:<\/strong><\/p>\r\n\r\n<ol>\r\n\t<li>ne pas utiliser l\u2019information ill\u00e9galement,<\/li>\r\n\t<li>ne pas utiliser le site Web de mani\u00e8re \u00e0 ce que le site soit endommag\u00e9, d\u00e9form\u00e9, interrompu, arr\u00eat\u00e9 ou rendu moins efficace,<\/li>\r\n\t<li>ne pas utiliser le site Web pour la transmission ou l\u2019envoi de virus informatiques, ou pour la transmission ou la publication de mat\u00e9riel \u00e0 caract\u00e8re diffamatoire, obsc\u00e8ne ou mena\u00e7ant,<\/li>\r\n\t<li>ne pas utiliser le site de telle mani\u00e8re qu\u2019une infraction soit commise sur les droits d\u2019une personne physique, d\u2019une personne morale ou d\u2019une association, tels que sur, mais sans s\u2019y limiter, les droits de la vie priv\u00e9e et de la propri\u00e9t\u00e9 intellectuelle.<\/li>\r\n<\/ol>\r\n\n","protected":false},"excerpt":{"rendered":"","protected":false},"author":1,"featured_media":0,"parent":0,"menu_order":0,"comment_status":"closed","ping_status":"closed","template":"","meta":{"_acf_changed":false,"footnotes":""},"class_list":["post-678","page","type-page","status-publish","hentry"],"acf":[],"yoast_head":"<!-- This site is optimized with the Yoast SEO plugin v27.5 - https:\/\/yoast.com\/product\/yoast-seo-wordpress\/ -->\n<title>Disclaimer - Protectas Risk Management<\/title>\n<meta name=\"description\" content=\"Ondernemen betekent risico\u2019s nemen. Zonder dat de continu\u00efteit in gevaar komt. Een degelijk risk management is dan essentieel. Protectas is uw partner voor een doordacht risicobeheer van uw onderneming.\" \/>\n<meta name=\"robots\" content=\"index, follow, max-snippet:-1, max-image-preview:large, max-video-preview:-1\" \/>\n<link rel=\"canonical\" href=\"https:\/\/protectas.be\/fr\/desistement\/\" \/>\n<meta property=\"og:locale\" content=\"fr_FR\" \/>\n<meta property=\"og:type\" content=\"article\" \/>\n<meta property=\"og:title\" content=\"Disclaimer - Protectas Risk Management\" \/>\n<meta property=\"og:description\" content=\"Ondernemen betekent risico\u2019s nemen. Zonder dat de continu\u00efteit in gevaar komt. Een degelijk risk management is dan essentieel. Protectas is uw partner voor een doordacht risicobeheer van uw onderneming.\" \/>\n<meta property=\"og:url\" content=\"https:\/\/protectas.be\/fr\/desistement\/\" \/>\n<meta property=\"og:site_name\" content=\"Protectas Risk Management\" \/>\n<meta property=\"article:modified_time\" content=\"2018-06-27T13:21:51+00:00\" \/>\n<script type=\"application\/ld+json\" class=\"yoast-schema-graph\">{\"@context\":\"https:\\\/\\\/schema.org\",\"@graph\":[{\"@type\":\"WebPage\",\"@id\":\"https:\\\/\\\/protectas.be\\\/fr\\\/desistement\\\/\",\"url\":\"https:\\\/\\\/protectas.be\\\/fr\\\/desistement\\\/\",\"name\":\"Disclaimer - Protectas Risk Management\",\"isPartOf\":{\"@id\":\"https:\\\/\\\/protectas.be\\\/#website\"},\"datePublished\":\"2014-11-06T13:44:14+00:00\",\"dateModified\":\"2018-06-27T13:21:51+00:00\",\"description\":\"Ondernemen betekent risico\u2019s nemen. Zonder dat de continu\u00efteit in gevaar komt. Een degelijk risk management is dan essentieel. Protectas is uw partner voor een doordacht risicobeheer van uw onderneming.\",\"breadcrumb\":{\"@id\":\"https:\\\/\\\/protectas.be\\\/fr\\\/desistement\\\/#breadcrumb\"},\"inLanguage\":\"fr-FR\",\"potentialAction\":[{\"@type\":\"ReadAction\",\"target\":[\"https:\\\/\\\/protectas.be\\\/fr\\\/desistement\\\/\"]}]},{\"@type\":\"BreadcrumbList\",\"@id\":\"https:\\\/\\\/protectas.be\\\/fr\\\/desistement\\\/#breadcrumb\",\"itemListElement\":[{\"@type\":\"ListItem\",\"position\":1,\"name\":\"Home\",\"item\":\"https:\\\/\\\/protectas.be\\\/fr\\\/\"},{\"@type\":\"ListItem\",\"position\":2,\"name\":\"Disclaimer\"}]},{\"@type\":\"WebSite\",\"@id\":\"https:\\\/\\\/protectas.be\\\/#website\",\"url\":\"https:\\\/\\\/protectas.be\\\/\",\"name\":\"Protectas Risk Management\",\"description\":\"\",\"potentialAction\":[{\"@type\":\"SearchAction\",\"target\":{\"@type\":\"EntryPoint\",\"urlTemplate\":\"https:\\\/\\\/protectas.be\\\/?s={search_term_string}\"},\"query-input\":{\"@type\":\"PropertyValueSpecification\",\"valueRequired\":true,\"valueName\":\"search_term_string\"}}],\"inLanguage\":\"fr-FR\"}]}<\/script>\n<!-- \/ Yoast SEO plugin. -->","yoast_head_json":{"title":"Disclaimer - Protectas Risk Management","description":"Ondernemen betekent risico\u2019s nemen. Zonder dat de continu\u00efteit in gevaar komt. Een degelijk risk management is dan essentieel. Protectas is uw partner voor een doordacht risicobeheer van uw onderneming.","robots":{"index":"index","follow":"follow","max-snippet":"max-snippet:-1","max-image-preview":"max-image-preview:large","max-video-preview":"max-video-preview:-1"},"canonical":"https:\/\/protectas.be\/fr\/desistement\/","og_locale":"fr_FR","og_type":"article","og_title":"Disclaimer - Protectas Risk Management","og_description":"Ondernemen betekent risico\u2019s nemen. Zonder dat de continu\u00efteit in gevaar komt. Een degelijk risk management is dan essentieel. Protectas is uw partner voor een doordacht risicobeheer van uw onderneming.","og_url":"https:\/\/protectas.be\/fr\/desistement\/","og_site_name":"Protectas Risk Management","article_modified_time":"2018-06-27T13:21:51+00:00","schema":{"@context":"https:\/\/schema.org","@graph":[{"@type":"WebPage","@id":"https:\/\/protectas.be\/fr\/desistement\/","url":"https:\/\/protectas.be\/fr\/desistement\/","name":"Disclaimer - Protectas Risk Management","isPartOf":{"@id":"https:\/\/protectas.be\/#website"},"datePublished":"2014-11-06T13:44:14+00:00","dateModified":"2018-06-27T13:21:51+00:00","description":"Ondernemen betekent risico\u2019s nemen. Zonder dat de continu\u00efteit in gevaar komt. Een degelijk risk management is dan essentieel. Protectas is uw partner voor een doordacht risicobeheer van uw onderneming.","breadcrumb":{"@id":"https:\/\/protectas.be\/fr\/desistement\/#breadcrumb"},"inLanguage":"fr-FR","potentialAction":[{"@type":"ReadAction","target":["https:\/\/protectas.be\/fr\/desistement\/"]}]},{"@type":"BreadcrumbList","@id":"https:\/\/protectas.be\/fr\/desistement\/#breadcrumb","itemListElement":[{"@type":"ListItem","position":1,"name":"Home","item":"https:\/\/protectas.be\/fr\/"},{"@type":"ListItem","position":2,"name":"Disclaimer"}]},{"@type":"WebSite","@id":"https:\/\/protectas.be\/#website","url":"https:\/\/protectas.be\/","name":"Protectas Risk Management","description":"","potentialAction":[{"@type":"SearchAction","target":{"@type":"EntryPoint","urlTemplate":"https:\/\/protectas.be\/?s={search_term_string}"},"query-input":{"@type":"PropertyValueSpecification","valueRequired":true,"valueName":"search_term_string"}}],"inLanguage":"fr-FR"}]}},"_links":{"self":[{"href":"https:\/\/protectas.be\/fr\/wp-json\/wp\/v2\/pages\/678\/"}],"collection":[{"href":"https:\/\/protectas.be\/fr\/wp-json\/wp\/v2\/pages\/"}],"about":[{"href":"https:\/\/protectas.be\/fr\/wp-json\/wp\/v2\/types\/page\/"}],"author":[{"embeddable":true,"href":"https:\/\/protectas.be\/fr\/wp-json\/wp\/v2\/users\/1\/"}],"replies":[{"embeddable":true,"href":"https:\/\/protectas.be\/fr\/wp-json\/wp\/v2\/comments\/?post=678"}],"version-history":[{"count":4,"href":"https:\/\/protectas.be\/fr\/wp-json\/wp\/v2\/pages\/678\/revisions\/"}],"predecessor-version":[{"id":3179,"href":"https:\/\/protectas.be\/fr\/wp-json\/wp\/v2\/pages\/678\/revisions\/3179\/"}],"wp:attachment":[{"href":"https:\/\/protectas.be\/fr\/wp-json\/wp\/v2\/media\/?parent=678"}],"curies":[{"name":"wp","href":"https:\/\/api.w.org\/{rel}","templated":true}]}}