{"id":676,"date":"2014-11-06T14:43:43","date_gmt":"2014-11-06T13:43:43","guid":{"rendered":"http:\/\/protectas.be\/?page_id=676"},"modified":"2018-06-27T14:22:31","modified_gmt":"2018-06-27T13:22:31","slug":"politique-sur-les-cookies","status":"publish","type":"page","link":"https:\/\/protectas.be\/fr\/politique-sur-les-cookies\/","title":{"rendered":"Politique sur les cookies"},"content":{"rendered":"<p><strong>Que sont les cookies?<\/strong><\/p>\r\n\r\n<p>Nous utilisons des cookies sur le site Web. Les cookies sont de petits fichiers texte qui peuvent \u00eatre stock\u00e9s sur votre ordinateur lors de la visite de sites Internet. Dans ce fichier texte, des informations sont stock\u00e9es, telles que votre pr\u00e9f\u00e9rence linguistique pour un site Internet. Lorsque vous reviendrez sur le site Internet plus tard, ce cookie sera renvoy\u00e9 sur le site Web. De cette fa\u00e7on, le site Internet reconna\u00eetra votre navigateur et votre pr\u00e9f\u00e9rence de langue peut \u00eatre m\u00e9moris\u00e9e. Vous n\u2019avez donc pas \u00e0 faire un choix de langue \u00e0 chaque visite.<\/p>\r\n\r\n<p><strong>Pourquoi les cookies sont-ils utiles?<\/strong><\/p>\r\n\r\n<p>Les cookies sont l\u00e0 pour faciliter le bon fonctionnement d\u2019un site Web, tel que dans l\u2019exemple cit\u00e9 pour la pr\u00e9f\u00e9rence de langage. Un autre exemple est un panier qui garde la trace de vos achats lors des achats en ligne. Un autre exemple est lors du remplissage des donn\u00e9es automatiquement dans un formulaire.<\/p>\r\n\r\n<p><strong>Quels cookies sont utilis\u00e9s et dans quels buts?<\/strong><\/p>\r\n\r\n<p>Quatre types de cookies sont utilis\u00e9s sur le site:<\/p>\r\n\r\n<ol>\r\n\t<li>les cookies \u00e0 des fins essentielles,<\/li>\r\n\t<li>les cookies \u00e0 des fins fonctionnelles,<\/li>\r\n\t<li>les cookies \u00e0 des fins analytiques,<\/li>\r\n\t<li>les cookies \u00e0 des fins de marketing.<\/li>\r\n<\/ol>\r\n\r\n<p><strong>Les cookies essentiels<\/strong><\/p>\r\n\r\n<p>Cela signifie que ces cookies sont n\u00e9cessaires au bon fonctionnement de ce site. Vous ne pouvez pas refuser ces cookies si vous souhaitez utiliser notre site Web.<\/p>\r\n\r\n<table border=\"0\" cellpadding=\"0\" cellspacing=\"0\" style=\"width:1090px\">\r\n\t<tbody>\r\n\t\t<tr>\r\n\t\t\t<td style=\"height:50px\">\r\n\t\t\t<p><strong>Nom du Cookie<\/strong><\/p>\r\n\t\t\t<\/td>\r\n\t\t\t<td style=\"height:50px\">\r\n\t\t\t<p><strong>Description<\/strong><\/p>\r\n\t\t\t<\/td>\r\n\t\t\t<td style=\"height:50px\">\r\n\t\t\t<p><strong>Dur\u00e9e<\/strong><\/p>\r\n\t\t\t<\/td>\r\n\t\t<\/tr>\r\n\t\t<tr>\r\n\t\t\t<td style=\"height:50px\">\r\n\t\t\t<p>SESS {hash}<\/p>\r\n\t\t\t<\/td>\r\n\t\t\t<td style=\"height:50px\">\r\n\t\t\t<p>Cl\u00e9s de Session de l\u2019utilisateur connect\u00e9 \u00e0 Drupal<\/p>\r\n\t\t\t<\/td>\r\n\t\t\t<td style=\"height:50px\">\r\n\t\t\t<p>23 jours<\/p>\r\n\t\t\t<\/td>\r\n\t\t<\/tr>\r\n\t<\/tbody>\r\n<\/table>\r\n\r\n<p><strong>Les cookies fonctionnels <\/strong><\/p>\r\n\r\n<p>Ces cookies conservent les informations de vos choix et pr\u00e9f\u00e9rences sur un site Internet.<\/p>\r\n\r\n<table border=\"0\" cellpadding=\"0\" cellspacing=\"0\" style=\"width:1090px\">\r\n\t<tbody>\r\n\t\t<tr>\r\n\t\t\t<td style=\"height:50px\">\r\n\t\t\t<p><strong>Nom du Cookie<\/strong><\/p>\r\n\t\t\t<\/td>\r\n\t\t\t<td style=\"height:50px\">\r\n\t\t\t<p><strong>Description<\/strong><\/p>\r\n\t\t\t<\/td>\r\n\t\t\t<td style=\"height:50px\">\r\n\t\t\t<p><strong>Dur\u00e9e<\/strong><\/p>\r\n\t\t\t<\/td>\r\n\t\t<\/tr>\r\n\t\t<tr>\r\n\t\t\t<td style=\"height:50px\">\r\n\t\t\t<p>cookie-agreed<\/p>\r\n\t\t\t<\/td>\r\n\t\t\t<td style=\"height:50px\">\r\n\t\t\t<p>conserve la trace si l\u2019utilisateur a manipul\u00e9 le popup Cookie<\/p>\r\n\t\t\t<\/td>\r\n\t\t\t<td style=\"height:50px\">\r\n\t\t\t<p>100 jours<\/p>\r\n\t\t\t<\/td>\r\n\t\t<\/tr>\r\n\t\t<tr>\r\n\t\t\t<td style=\"height:50px\">\r\n\t\t\t<p>pop_fichier_voyage<\/p>\r\n\t\t\t<\/td>\r\n\t\t\t<td style=\"height:50px\">\r\n\t\t\t<p>v\u00e9rifie si le popup Insusite a \u00e9t\u00e9 ferm\u00e9 \u00e0 droite ou non<\/p>\r\n\t\t\t<\/td>\r\n\t\t\t<td style=\"height:50px\">\r\n\t\t\t<p>1 semaine<\/p>\r\n\t\t\t<\/td>\r\n\t\t<\/tr>\r\n\t<\/tbody>\r\n<\/table>\r\n\r\n<p><strong>Les cookies analytiques<\/strong><\/p>\r\n\r\n<p>Cookies qui recueillent des informations sur le comportement des visiteurs du site et la performance du site. Le site peut \u00eatre am\u00e9lior\u00e9 sur la base de ces r\u00e9sultats et les visiteurs auront une meilleure exp\u00e9rience utilisateur.<\/p>\r\n\r\n<p>1. Nous utilisons Google Analytics: sur notre site Web, un cookie est plac\u00e9 aupr\u00e8s de la soci\u00e9t\u00e9 am\u00e9ricaine Google, dans le cadre du service \u00ab&nbsp;Analytics&nbsp;\u00bb. Nous utilisons ce service pour suivre et obtenir des rapports sur la fa\u00e7on dont les visiteurs utilisent le site Web. Google peut fournir ces informations \u00e0 des tiers si Google est l\u00e9galement tenu de le faire ou si des tiers traitent ces informations pour le compte de Google. Nous n\u2019avons aucune influence sur cela. Nous n\u2019avons pas autoris\u00e9 Google \u00e0 utiliser les informations d\u2019analyse obtenues pour d\u2019autres services Google.<\/p>\r\n\r\n<p>Les informations collect\u00e9es par Google sont anonymis\u00e9es autant que possible. Votre adresse IP n\u2019est absolument pas donn\u00e9e. Les informations sont transf\u00e9r\u00e9es et stock\u00e9es par Google sur des serveurs situ\u00e9s aux \u00c9tats-Unis. Google applique les principes Safe Harbor et est affili\u00e9 au programme Safe Harbor du D\u00e9partement du Commerce des \u00c9tats-Unis. Cela signifie qu\u2019il existe un niveau de protection appropri\u00e9 pour le traitement des donn\u00e9es personnelles.<\/p>\r\n\r\n<p>2. M\u00e9dias sociaux&nbsp;: Sur notre site Web, des boutons sont inclus pour promouvoir les pages Web (\u00ab&nbsp;j\u2019aime&nbsp;\u00bb) ou partager (\u00ab&nbsp;tweet&nbsp;\u00bb) sur les r\u00e9seaux sociaux comme Facebook et Twitter. Ces boutons fonctionnent \u00e0 travers des parties de code provenant de Facebook ou Twitter eux-m\u00eames. Les cookies sont plac\u00e9s en utilisant ce code. Nous n\u2019avons aucune influence sur cela. Lisez la d\u00e9claration de confidentialit\u00e9 de Facebook ou de Twitter (qui peut changer r\u00e9guli\u00e8rement) pour lire ce qu\u2019ils font de vos donn\u00e9es (personnelles) qu\u2019ils traitent via ces cookies.<\/p>\r\n\r\n<p>Les informations qu\u2019ils collectent sont anonymis\u00e9es autant que possible. L\u2019information est transf\u00e9r\u00e9e vers et via Twitter, Facebook, Google + et LinkedIn stock\u00e9s sur des serveurs aux \u00c9tats-Unis. LinkedIn, Twitter, Facebook et Google + adh\u00e8rent \u00e9galement aux principes Safe Harbor et sont affili\u00e9s au programme Safe Harbor du D\u00e9partement du Commerce des \u00c9tats-Unis. Cela signifie qu\u2019il existe un niveau de protection appropri\u00e9 pour le traitement des donn\u00e9es personnelles.<\/p>\r\n\r\n<table border=\"0\" cellpadding=\"0\" cellspacing=\"0\" style=\"width:1090px\">\r\n\t<tbody>\r\n\t\t<tr>\r\n\t\t\t<td style=\"height:50px\">\r\n\t\t\t<p><strong>Nom du cookie<\/strong><\/p>\r\n\t\t\t<\/td>\r\n\t\t\t<td style=\"height:50px\">\r\n\t\t\t<p><strong>Description<\/strong><\/p>\r\n\t\t\t<\/td>\r\n\t\t\t<td style=\"height:50px\">\r\n\t\t\t<p><strong>Dur\u00e9e<\/strong><\/p>\r\n\t\t\t<\/td>\r\n\t\t<\/tr>\r\n\t\t<tr>\r\n\t\t\t<td style=\"height:50px\">\r\n\t\t\t<p>_ga<\/p>\r\n\t\t\t<\/td>\r\n\t\t\t<td style=\"height:50px\">\r\n\t\t\t<p>est utilis\u00e9 pour distinguer les utilisateurs<\/p>\r\n\t\t\t<\/td>\r\n\t\t\t<td style=\"height:50px\">\r\n\t\t\t<p>2 ans<\/p>\r\n\t\t\t<\/td>\r\n\t\t<\/tr>\r\n\t\t<tr>\r\n\t\t\t<td style=\"height:50px\">\r\n\t\t\t<p>_gid<\/p>\r\n\t\t\t<\/td>\r\n\t\t\t<td style=\"height:50px\">\r\n\t\t\t<p>est utilis\u00e9 pour distinguer les utilisateurs<\/p>\r\n\t\t\t<\/td>\r\n\t\t\t<td style=\"height:50px\">\r\n\t\t\t<p>24 heures<\/p>\r\n\t\t\t<\/td>\r\n\t\t<\/tr>\r\n\t\t<tr>\r\n\t\t\t<td style=\"height:50px\">\r\n\t\t\t<p>_gat<\/p>\r\n\t\t\t<\/td>\r\n\t\t\t<td style=\"height:50px\">\r\n\t\t\t<p>est utilis\u00e9 pour r\u00e9duire le nombre de requ\u00eates, si Google Analytics est impl\u00e9ment\u00e9<\/p>\r\n\r\n\t\t\t<p>via Google Tag Manager, ce cookie re\u00e7oit le nom _dc_gtm_<\/p>\r\n\t\t\t<\/td>\r\n\t\t\t<td style=\"height:50px\">\r\n\t\t\t<p>Session<\/p>\r\n\t\t\t<\/td>\r\n\t\t<\/tr>\r\n\t<\/tbody>\r\n<\/table>\r\n\r\n<p><strong>Les cookies marketing<\/strong><\/p>\r\n\r\n<p>Avec les cookies marketing, le comportement de navigation des visiteurs du site Web est suivi, sur la base de laquelle un profil utilisateur est cr\u00e9\u00e9 qui rend l\u2019exp\u00e9rience du visiteur plus personnelle.<\/p>\r\n\r\n<p><strong>Cookies permanents ou temporaires (de session)<\/strong><\/p>\r\n\r\n<p>En plus des types de cookies ci-dessus, nous distinguons \u00e9galement les cookies permanents et de session.<\/p>\r\n\r\n<p><strong>Les cookies permanents <\/strong><\/p>\r\n\r\n<p>Ces cookies sont stock\u00e9s sur votre ordinateur pendant un certain temps (selon la configuration), ils restent \u00e9galement apr\u00e8s la fermeture de votre navigateur.<\/p>\r\n\r\n<p><strong>Les cookies temporaires<\/strong><\/p>\r\n\r\n<p>Ces cookies sont supprim\u00e9s d\u00e8s que vous fermez votre navigateur. Ils s\u2019appliquent uniquement \u00e0 la session en cours et sont \u00e9galement appel\u00e9s <strong>cookies de session<\/strong>.<\/p>\r\n\r\n<p><strong>Comment les cookies sont-ils stock\u00e9s?<\/strong><\/p>\r\n\r\n<p>Les cookies sont sauvegard\u00e9s lorsque vous acceptez les cookies, et donc donnez la permission de les conserver. Ceci est fait en cliquant sur le bouton d\u2019accord\/acceptation. Il y a aussi la possibilit\u00e9 de refuser ceci en cliquant sur le bouton de refus.<\/p>\r\n\r\n<p><strong>Comment puis-je modifier les param\u00e8tres des cookies et comment puis-je les supprimer?<\/strong><\/p>\r\n\r\n<p>Plus d\u2019informations sur l\u2019activation et la d\u00e9sactivation et la suppression des cookies pourront \u00eatre trouv\u00e9es dans les instructions et\/ou en utilisant la fonction d\u2019aide de votre navigateur. Si vous souhaitez savoir quels cookies sont plac\u00e9s sur votre appareil ou si vous souhaitez \u00e9galement les supprimer, vous pouvez utiliser un param\u00e8tre dans votre navigateur. Via les liens ci-dessous, vous trouverez plus d\u2019informations sur la mani\u00e8re de le faire.<\/p>\r\n\r\n<p><strong>Firefox&nbsp;:<\/strong><br \/>\r\n<a href=\"https:\/\/support.mozilla.org\/fr\/kb\/effacer-les-cookies-pour-supprimer-les-information\">https:\/\/support.mozilla.org\/fr\/kb\/effacer-les-cookies-pour-supprimer-les-information<\/a><\/p>\r\n\r\n<p><strong>Chrome&nbsp;:<\/strong><br \/>\r\n<a href=\"https:\/\/support.google.com\/chrome\/answer\/95647?hl=fr\">https:\/\/support.google.com\/chrome\/answer\/95647?hl=fr<\/a><\/p>\r\n\r\n<p><strong>Safari&nbsp;:<\/strong><br \/>\r\n<a href=\"https:\/\/support.apple.com\/kb\/ph21411?locale=fr_FR\">https:\/\/support.apple.com\/kb\/ph21411?locale=fr_FR<\/a><\/p>\r\n\r\n<p><strong>Internet Explorer&nbsp;:<\/strong><br \/>\r\n<a href=\"https:\/\/support.microsoft.com\/FR-fr\/help\/17442\/windows-internet-explorer-delete-manage-cookies\">https:\/\/support.microsoft.com\/FR-fr\/help\/17442\/windows-internet-explorer-delete-manage-cookies<\/a><\/p>\r\n\n","protected":false},"excerpt":{"rendered":"","protected":false},"author":1,"featured_media":0,"parent":0,"menu_order":0,"comment_status":"closed","ping_status":"closed","template":"","meta":{"_acf_changed":false,"footnotes":""},"class_list":["post-676","page","type-page","status-publish","hentry"],"acf":[],"yoast_head":"<!-- This site is optimized with the Yoast SEO plugin v27.4 - https:\/\/yoast.com\/product\/yoast-seo-wordpress\/ -->\n<title>Politique sur les cookies - Protectas Risk Management<\/title>\n<meta name=\"description\" content=\"Ondernemen betekent risico\u2019s nemen. Zonder dat de continu\u00efteit in gevaar komt. Een degelijk risk management is dan essentieel. Protectas is uw partner voor een doordacht risicobeheer van uw onderneming.\" \/>\n<meta name=\"robots\" content=\"index, follow, max-snippet:-1, max-image-preview:large, max-video-preview:-1\" \/>\n<link rel=\"canonical\" href=\"https:\/\/protectas.be\/fr\/politique-sur-les-cookies\/\" \/>\n<meta property=\"og:locale\" content=\"fr_FR\" \/>\n<meta property=\"og:type\" content=\"article\" \/>\n<meta property=\"og:title\" content=\"Politique sur les cookies - Protectas Risk Management\" \/>\n<meta property=\"og:description\" content=\"Ondernemen betekent risico\u2019s nemen. Zonder dat de continu\u00efteit in gevaar komt. Een degelijk risk management is dan essentieel. Protectas is uw partner voor een doordacht risicobeheer van uw onderneming.\" \/>\n<meta property=\"og:url\" content=\"https:\/\/protectas.be\/fr\/politique-sur-les-cookies\/\" \/>\n<meta property=\"og:site_name\" content=\"Protectas Risk Management\" \/>\n<meta property=\"article:modified_time\" content=\"2018-06-27T13:22:31+00:00\" \/>\n<script type=\"application\/ld+json\" class=\"yoast-schema-graph\">{\"@context\":\"https:\\\/\\\/schema.org\",\"@graph\":[{\"@type\":\"WebPage\",\"@id\":\"https:\\\/\\\/protectas.be\\\/fr\\\/politique-sur-les-cookies\\\/\",\"url\":\"https:\\\/\\\/protectas.be\\\/fr\\\/politique-sur-les-cookies\\\/\",\"name\":\"Politique sur les cookies - Protectas Risk Management\",\"isPartOf\":{\"@id\":\"https:\\\/\\\/protectas.be\\\/#website\"},\"datePublished\":\"2014-11-06T13:43:43+00:00\",\"dateModified\":\"2018-06-27T13:22:31+00:00\",\"description\":\"Ondernemen betekent risico\u2019s nemen. Zonder dat de continu\u00efteit in gevaar komt. Een degelijk risk management is dan essentieel. Protectas is uw partner voor een doordacht risicobeheer van uw onderneming.\",\"breadcrumb\":{\"@id\":\"https:\\\/\\\/protectas.be\\\/fr\\\/politique-sur-les-cookies\\\/#breadcrumb\"},\"inLanguage\":\"fr-FR\",\"potentialAction\":[{\"@type\":\"ReadAction\",\"target\":[\"https:\\\/\\\/protectas.be\\\/fr\\\/politique-sur-les-cookies\\\/\"]}]},{\"@type\":\"BreadcrumbList\",\"@id\":\"https:\\\/\\\/protectas.be\\\/fr\\\/politique-sur-les-cookies\\\/#breadcrumb\",\"itemListElement\":[{\"@type\":\"ListItem\",\"position\":1,\"name\":\"Home\",\"item\":\"https:\\\/\\\/protectas.be\\\/fr\\\/\"},{\"@type\":\"ListItem\",\"position\":2,\"name\":\"Politique sur les cookies\"}]},{\"@type\":\"WebSite\",\"@id\":\"https:\\\/\\\/protectas.be\\\/#website\",\"url\":\"https:\\\/\\\/protectas.be\\\/\",\"name\":\"Protectas Risk Management\",\"description\":\"\",\"potentialAction\":[{\"@type\":\"SearchAction\",\"target\":{\"@type\":\"EntryPoint\",\"urlTemplate\":\"https:\\\/\\\/protectas.be\\\/?s={search_term_string}\"},\"query-input\":{\"@type\":\"PropertyValueSpecification\",\"valueRequired\":true,\"valueName\":\"search_term_string\"}}],\"inLanguage\":\"fr-FR\"}]}<\/script>\n<!-- \/ Yoast SEO plugin. -->","yoast_head_json":{"title":"Politique sur les cookies - Protectas Risk Management","description":"Ondernemen betekent risico\u2019s nemen. Zonder dat de continu\u00efteit in gevaar komt. Een degelijk risk management is dan essentieel. Protectas is uw partner voor een doordacht risicobeheer van uw onderneming.","robots":{"index":"index","follow":"follow","max-snippet":"max-snippet:-1","max-image-preview":"max-image-preview:large","max-video-preview":"max-video-preview:-1"},"canonical":"https:\/\/protectas.be\/fr\/politique-sur-les-cookies\/","og_locale":"fr_FR","og_type":"article","og_title":"Politique sur les cookies - Protectas Risk Management","og_description":"Ondernemen betekent risico\u2019s nemen. Zonder dat de continu\u00efteit in gevaar komt. Een degelijk risk management is dan essentieel. Protectas is uw partner voor een doordacht risicobeheer van uw onderneming.","og_url":"https:\/\/protectas.be\/fr\/politique-sur-les-cookies\/","og_site_name":"Protectas Risk Management","article_modified_time":"2018-06-27T13:22:31+00:00","schema":{"@context":"https:\/\/schema.org","@graph":[{"@type":"WebPage","@id":"https:\/\/protectas.be\/fr\/politique-sur-les-cookies\/","url":"https:\/\/protectas.be\/fr\/politique-sur-les-cookies\/","name":"Politique sur les cookies - Protectas Risk Management","isPartOf":{"@id":"https:\/\/protectas.be\/#website"},"datePublished":"2014-11-06T13:43:43+00:00","dateModified":"2018-06-27T13:22:31+00:00","description":"Ondernemen betekent risico\u2019s nemen. Zonder dat de continu\u00efteit in gevaar komt. Een degelijk risk management is dan essentieel. Protectas is uw partner voor een doordacht risicobeheer van uw onderneming.","breadcrumb":{"@id":"https:\/\/protectas.be\/fr\/politique-sur-les-cookies\/#breadcrumb"},"inLanguage":"fr-FR","potentialAction":[{"@type":"ReadAction","target":["https:\/\/protectas.be\/fr\/politique-sur-les-cookies\/"]}]},{"@type":"BreadcrumbList","@id":"https:\/\/protectas.be\/fr\/politique-sur-les-cookies\/#breadcrumb","itemListElement":[{"@type":"ListItem","position":1,"name":"Home","item":"https:\/\/protectas.be\/fr\/"},{"@type":"ListItem","position":2,"name":"Politique sur les cookies"}]},{"@type":"WebSite","@id":"https:\/\/protectas.be\/#website","url":"https:\/\/protectas.be\/","name":"Protectas Risk Management","description":"","potentialAction":[{"@type":"SearchAction","target":{"@type":"EntryPoint","urlTemplate":"https:\/\/protectas.be\/?s={search_term_string}"},"query-input":{"@type":"PropertyValueSpecification","valueRequired":true,"valueName":"search_term_string"}}],"inLanguage":"fr-FR"}]}},"_links":{"self":[{"href":"https:\/\/protectas.be\/fr\/wp-json\/wp\/v2\/pages\/676\/"}],"collection":[{"href":"https:\/\/protectas.be\/fr\/wp-json\/wp\/v2\/pages\/"}],"about":[{"href":"https:\/\/protectas.be\/fr\/wp-json\/wp\/v2\/types\/page\/"}],"author":[{"embeddable":true,"href":"https:\/\/protectas.be\/fr\/wp-json\/wp\/v2\/users\/1\/"}],"replies":[{"embeddable":true,"href":"https:\/\/protectas.be\/fr\/wp-json\/wp\/v2\/comments\/?post=676"}],"version-history":[{"count":5,"href":"https:\/\/protectas.be\/fr\/wp-json\/wp\/v2\/pages\/676\/revisions\/"}],"predecessor-version":[{"id":3180,"href":"https:\/\/protectas.be\/fr\/wp-json\/wp\/v2\/pages\/676\/revisions\/3180\/"}],"wp:attachment":[{"href":"https:\/\/protectas.be\/fr\/wp-json\/wp\/v2\/media\/?parent=676"}],"curies":[{"name":"wp","href":"https:\/\/api.w.org\/{rel}","templated":true}]}}