{"id":667,"date":"2014-11-06T14:38:12","date_gmt":"2014-11-06T13:38:12","guid":{"rendered":"http:\/\/protectas.be\/?page_id=667"},"modified":"2022-03-08T11:26:58","modified_gmt":"2022-03-08T10:26:58","slug":"propos-de-nous","status":"publish","type":"page","link":"https:\/\/protectas.be\/fr\/propos-de-nous\/","title":{"rendered":"\u00c0 propos de nous"},"content":{"rendered":"<h2><strong>Protectas Risk Management<\/strong><\/h2>\n<p>Depuis sa fondation en 1982, Protectas Risk Management garantit une gestion de risques efficace pour les professions m\u00e9dicales et lib\u00e9rales, les entreprises et les particuliers.<\/p>\n<p>Dans le segment professionnel, nous prodiguons \u00e9galement des conseils pointus en mati\u00e8re d\u2019assurances<br \/>\naux m\u00e9decins, dentistes, kin\u00e9sith\u00e9rapeutes et autres professions lib\u00e9rales. Nous proposons par ailleurs<br \/>\ndes solutions sur mesure aux institutions de grande envergure, tels que les h\u00f4pitaux et<br \/>\nles \u00e9tablissements de soins.<\/p>\n<p>Autre sp\u00e9cialisation\u00a0: la gestion des risques appliqu\u00e9e aux professions lib\u00e9rales (avocats, notaires, etc.).<br \/>\nNous mettons \u00e0 leur disposition une expertise et des services sp\u00e9cifiques.<\/p>\n<p>Nous op\u00e9rons \u00e0 l\u2019\u00e9chelle de l\u2019ensemble du pays et nous nous rendons souvent chez nos clients pour leur<br \/>\nassurer des conseils sur mesure\u00a0: une bonne analyse des risques exige en effet un inventaire pr\u00e9cis des<br \/>\n\u00e9quipements du bureau et du cabinet. Nous nous appuyons \u00e0 cet \u00e9gard sur un savoir-faire reconnu en<br \/>\nmati\u00e8re de techniques d\u2019assurance. Nous ne limitons donc pas notre champ d\u2019activit\u00e9s aux op\u00e9rations<br \/>\npurement bancaires et\/ou \u00e0 d\u2019autres activit\u00e9s li\u00e9es, comme l\u2019immobilier.<\/p>\n<p>Nous nous profilons en tout cas comme des sp\u00e9cialistes, et non pas comme des g\u00e9n\u00e9ralistes.<\/p>\n<p>La force de notre offre d\u2019assurance repose sur une exigence\u00a0: proposer les conditions contractuelles les<br \/>\nplus comp\u00e9titives, en combinant qualit\u00e9 et prime raisonnable. Courtier ind\u00e9pendant, nous \u00e9tablissons les<br \/>\nmodalit\u00e9s contractuelles en fonction de vos seuls imp\u00e9ratifs, et recherchons pour vous les meilleures<br \/>\ngaranties aupr\u00e8s de diff\u00e9rentes compagnies.<\/p>\n<p>Nos obligations ne s\u2019arr\u00eatent pas \u00e0 l\u2019\u00e9tablissement du contrat d\u2019assurance. Nous d\u00e9fendons au mieux vos<br \/>\nint\u00e9r\u00eats en cas de r\u00e8glement de sinistre ou de r\u00e9clamation. Nous veillons ainsi \u00e0 ce que vous<br \/>\nb\u00e9n\u00e9ficiiez de l\u2019assistance la plus performante.<\/p>\n<p>Pour assurer votre avenir par le biais de placements bien \u00e9tudi\u00e9s, nous faisons \u00e9galement office de<br \/>\npartenaire solide. Nous nous appuyons en effet sur des connaissances approfondies de l\u2019ensemble des<br \/>\nproduits de placement relevant du secteur des assurances (les fameux investissements des branches 21<br \/>\net 23) pour pouvoir vous proposer \u00e9galement sur le plan financier une offre et des conseils appropri\u00e9s.<\/p>\n<p>Nous disposons bien entendu de l\u2019agr\u00e9ment requis aupr\u00e8s de l\u2019autorit\u00e9 de contr\u00f4le du secteur, la FSMA.<br \/>\nNous veillons \u00e0 faire preuve d\u2019un professionnalisme sans faille en suivant les cours de recyclage<br \/>\nn\u00e9cessaires, en associant comp\u00e9tences et exp\u00e9riences \u00e0 bon escient et en investissant dans un<br \/>\nenvironnement informatique de pointe, ce qui nous permet de proposer davantage de services de qualit\u00e9<br \/>\nentre autres via ce site internet et le portail clients aff\u00e9rent. Protectas arbore \u00e9galement le logo<br \/>\nde la distribution \u00ab\u00a0Brocom \u2013 Courtier en assurances\u00a0\u00bb, qui indique au consommateur que son engagement<br \/>\nde courtier professionnel va au-del\u00e0 des exigences fix\u00e9es par le l\u00e9gislateur.<\/p>\n<p>Nous sommes toujours \u00e0 votre disposition \u00e0 notre si\u00e8ge central \u00e0 Bruxelles, o\u00f9 nous vous accueillons en<br \/>\ntoute discr\u00e9tion. Nous sommes accessibles tous les jours de la semaine (heures de bureau).<br \/>\nVous pouvez \u00e9galement nous joindre par t\u00e9l\u00e9phone, 24\u00a0h\/24 et 7\u00a0j\/7, au num\u00e9ro de permanence,<br \/>\nen cas d\u2019urgence\/de sinistre.<\/p>\n<p>N\u2019h\u00e9sitez pas \u00e0 nous contacter.<\/p>\n<p><strong>Protectas\u00a0: nous alignons l\u2019approche des risques \u00e0 vos objectifs<\/strong><\/p>\n<h2>Notre bureau<\/h2>\n<p>Notre bureau est situ\u00e9 au bout de l\u2019E40 Gand-Bruxelles, \u00e0 l\u2019endroit o\u00f9 la Chauss\u00e9e de Zellik relie<br \/>\nla c\u00e9l\u00e8bre Avenue Charles Quint et la tout aussi connue Chauss\u00e9e de Gand. Une voie de p\u00e9n\u00e9tration<br \/>\ndans la capitale famili\u00e8re \u00e0 de nombreux navetteurs. Notre si\u00e8ge dispose de places de stationnement en<br \/>\nsuffisance. Nous serons heureux de vous accueillir dans nos bureaux fonctionnels, o\u00f9 nous examinerons<br \/>\nvos besoins d\u2019assurances et financiers en toute discr\u00e9tion.<\/p>\n<p>Nos partenaires<\/p>\n<p>Protectas ne fait appel qu\u2019\u00e0 des assureurs de qualit\u00e9\u00a0: des valeurs s\u00fbres du paysage belge de l\u2019assurance.<\/p>\n","protected":false},"excerpt":{"rendered":"<p>Protectas Risk Management Depuis sa fondation en 1982, Protectas Risk Management garantit une gestion de risques efficace pour les professions m\u00e9dicales et lib\u00e9rales, les entreprises et les particuliers. Dans le segment professionnel, nous prodiguons \u00e9galement des conseils pointus en mati\u00e8re d\u2019assurances aux m\u00e9decins, dentistes, kin\u00e9sith\u00e9rapeutes et autres professions lib\u00e9rales. Nous proposons par ailleurs des solutions&#8230;<\/p>\n","protected":false},"author":1,"featured_media":3065,"parent":0,"menu_order":0,"comment_status":"closed","ping_status":"closed","template":"","meta":{"_acf_changed":false,"footnotes":""},"class_list":["post-667","page","type-page","status-publish","has-post-thumbnail","hentry"],"acf":[],"yoast_head":"<!-- This site is optimized with the Yoast SEO plugin v27.5 - https:\/\/yoast.com\/product\/yoast-seo-wordpress\/ -->\n<title>\u00c0 propos de nous - Protectas Risk Management<\/title>\n<meta name=\"description\" content=\"Ondernemen betekent risico\u2019s nemen. Zonder dat de continu\u00efteit in gevaar komt. Een degelijk risk management is dan essentieel. Protectas is uw partner voor een doordacht risicobeheer van uw onderneming.\" \/>\n<meta name=\"robots\" content=\"index, follow, max-snippet:-1, max-image-preview:large, max-video-preview:-1\" \/>\n<link rel=\"canonical\" href=\"https:\/\/protectas.be\/fr\/propos-de-nous\/\" \/>\n<meta property=\"og:locale\" content=\"fr_FR\" \/>\n<meta property=\"og:type\" content=\"article\" \/>\n<meta property=\"og:title\" content=\"\u00c0 propos de nous - Protectas Risk Management\" \/>\n<meta property=\"og:description\" content=\"Ondernemen betekent risico\u2019s nemen. Zonder dat de continu\u00efteit in gevaar komt. Een degelijk risk management is dan essentieel. Protectas is uw partner voor een doordacht risicobeheer van uw onderneming.\" \/>\n<meta property=\"og:url\" content=\"https:\/\/protectas.be\/fr\/propos-de-nous\/\" \/>\n<meta property=\"og:site_name\" content=\"Protectas Risk Management\" \/>\n<meta property=\"article:modified_time\" content=\"2022-03-08T10:26:58+00:00\" \/>\n<meta property=\"og:image\" content=\"https:\/\/protectas.be\/wp-content\/uploads\/2018\/03\/protectas_gebouw.jpg\" \/>\n\t<meta property=\"og:image:width\" content=\"1600\" \/>\n\t<meta property=\"og:image:height\" content=\"250\" \/>\n\t<meta property=\"og:image:type\" content=\"image\/jpeg\" \/>\n<meta name=\"twitter:label1\" content=\"Dur\u00e9e de lecture estim\u00e9e\" \/>\n\t<meta name=\"twitter:data1\" content=\"3 minutes\" \/>\n<script type=\"application\/ld+json\" class=\"yoast-schema-graph\">{\"@context\":\"https:\\\/\\\/schema.org\",\"@graph\":[{\"@type\":\"WebPage\",\"@id\":\"https:\\\/\\\/protectas.be\\\/fr\\\/propos-de-nous\\\/\",\"url\":\"https:\\\/\\\/protectas.be\\\/fr\\\/propos-de-nous\\\/\",\"name\":\"\u00c0 propos de nous - Protectas Risk Management\",\"isPartOf\":{\"@id\":\"https:\\\/\\\/protectas.be\\\/#website\"},\"primaryImageOfPage\":{\"@id\":\"https:\\\/\\\/protectas.be\\\/fr\\\/propos-de-nous\\\/#primaryimage\"},\"image\":{\"@id\":\"https:\\\/\\\/protectas.be\\\/fr\\\/propos-de-nous\\\/#primaryimage\"},\"thumbnailUrl\":\"https:\\\/\\\/protectas.be\\\/wp-content\\\/uploads\\\/2018\\\/03\\\/protectas_gebouw.jpg\",\"datePublished\":\"2014-11-06T13:38:12+00:00\",\"dateModified\":\"2022-03-08T10:26:58+00:00\",\"description\":\"Ondernemen betekent risico\u2019s nemen. Zonder dat de continu\u00efteit in gevaar komt. Een degelijk risk management is dan essentieel. Protectas is uw partner voor een doordacht risicobeheer van uw onderneming.\",\"breadcrumb\":{\"@id\":\"https:\\\/\\\/protectas.be\\\/fr\\\/propos-de-nous\\\/#breadcrumb\"},\"inLanguage\":\"fr-FR\",\"potentialAction\":[{\"@type\":\"ReadAction\",\"target\":[\"https:\\\/\\\/protectas.be\\\/fr\\\/propos-de-nous\\\/\"]}]},{\"@type\":\"ImageObject\",\"inLanguage\":\"fr-FR\",\"@id\":\"https:\\\/\\\/protectas.be\\\/fr\\\/propos-de-nous\\\/#primaryimage\",\"url\":\"https:\\\/\\\/protectas.be\\\/wp-content\\\/uploads\\\/2018\\\/03\\\/protectas_gebouw.jpg\",\"contentUrl\":\"https:\\\/\\\/protectas.be\\\/wp-content\\\/uploads\\\/2018\\\/03\\\/protectas_gebouw.jpg\",\"width\":1600,\"height\":250,\"caption\":\"Protectas gebouw\"},{\"@type\":\"BreadcrumbList\",\"@id\":\"https:\\\/\\\/protectas.be\\\/fr\\\/propos-de-nous\\\/#breadcrumb\",\"itemListElement\":[{\"@type\":\"ListItem\",\"position\":1,\"name\":\"Home\",\"item\":\"https:\\\/\\\/protectas.be\\\/fr\\\/\"},{\"@type\":\"ListItem\",\"position\":2,\"name\":\"\u00c0 propos de nous\"}]},{\"@type\":\"WebSite\",\"@id\":\"https:\\\/\\\/protectas.be\\\/#website\",\"url\":\"https:\\\/\\\/protectas.be\\\/\",\"name\":\"Protectas Risk Management\",\"description\":\"\",\"potentialAction\":[{\"@type\":\"SearchAction\",\"target\":{\"@type\":\"EntryPoint\",\"urlTemplate\":\"https:\\\/\\\/protectas.be\\\/?s={search_term_string}\"},\"query-input\":{\"@type\":\"PropertyValueSpecification\",\"valueRequired\":true,\"valueName\":\"search_term_string\"}}],\"inLanguage\":\"fr-FR\"}]}<\/script>\n<!-- \/ Yoast SEO plugin. -->","yoast_head_json":{"title":"\u00c0 propos de nous - Protectas Risk Management","description":"Ondernemen betekent risico\u2019s nemen. Zonder dat de continu\u00efteit in gevaar komt. Een degelijk risk management is dan essentieel. Protectas is uw partner voor een doordacht risicobeheer van uw onderneming.","robots":{"index":"index","follow":"follow","max-snippet":"max-snippet:-1","max-image-preview":"max-image-preview:large","max-video-preview":"max-video-preview:-1"},"canonical":"https:\/\/protectas.be\/fr\/propos-de-nous\/","og_locale":"fr_FR","og_type":"article","og_title":"\u00c0 propos de nous - Protectas Risk Management","og_description":"Ondernemen betekent risico\u2019s nemen. Zonder dat de continu\u00efteit in gevaar komt. Een degelijk risk management is dan essentieel. Protectas is uw partner voor een doordacht risicobeheer van uw onderneming.","og_url":"https:\/\/protectas.be\/fr\/propos-de-nous\/","og_site_name":"Protectas Risk Management","article_modified_time":"2022-03-08T10:26:58+00:00","og_image":[{"width":1600,"height":250,"url":"https:\/\/protectas.be\/wp-content\/uploads\/2018\/03\/protectas_gebouw.jpg","type":"image\/jpeg"}],"twitter_misc":{"Dur\u00e9e de lecture estim\u00e9e":"3 minutes"},"schema":{"@context":"https:\/\/schema.org","@graph":[{"@type":"WebPage","@id":"https:\/\/protectas.be\/fr\/propos-de-nous\/","url":"https:\/\/protectas.be\/fr\/propos-de-nous\/","name":"\u00c0 propos de nous - Protectas Risk Management","isPartOf":{"@id":"https:\/\/protectas.be\/#website"},"primaryImageOfPage":{"@id":"https:\/\/protectas.be\/fr\/propos-de-nous\/#primaryimage"},"image":{"@id":"https:\/\/protectas.be\/fr\/propos-de-nous\/#primaryimage"},"thumbnailUrl":"https:\/\/protectas.be\/wp-content\/uploads\/2018\/03\/protectas_gebouw.jpg","datePublished":"2014-11-06T13:38:12+00:00","dateModified":"2022-03-08T10:26:58+00:00","description":"Ondernemen betekent risico\u2019s nemen. Zonder dat de continu\u00efteit in gevaar komt. Een degelijk risk management is dan essentieel. Protectas is uw partner voor een doordacht risicobeheer van uw onderneming.","breadcrumb":{"@id":"https:\/\/protectas.be\/fr\/propos-de-nous\/#breadcrumb"},"inLanguage":"fr-FR","potentialAction":[{"@type":"ReadAction","target":["https:\/\/protectas.be\/fr\/propos-de-nous\/"]}]},{"@type":"ImageObject","inLanguage":"fr-FR","@id":"https:\/\/protectas.be\/fr\/propos-de-nous\/#primaryimage","url":"https:\/\/protectas.be\/wp-content\/uploads\/2018\/03\/protectas_gebouw.jpg","contentUrl":"https:\/\/protectas.be\/wp-content\/uploads\/2018\/03\/protectas_gebouw.jpg","width":1600,"height":250,"caption":"Protectas gebouw"},{"@type":"BreadcrumbList","@id":"https:\/\/protectas.be\/fr\/propos-de-nous\/#breadcrumb","itemListElement":[{"@type":"ListItem","position":1,"name":"Home","item":"https:\/\/protectas.be\/fr\/"},{"@type":"ListItem","position":2,"name":"\u00c0 propos de nous"}]},{"@type":"WebSite","@id":"https:\/\/protectas.be\/#website","url":"https:\/\/protectas.be\/","name":"Protectas Risk Management","description":"","potentialAction":[{"@type":"SearchAction","target":{"@type":"EntryPoint","urlTemplate":"https:\/\/protectas.be\/?s={search_term_string}"},"query-input":{"@type":"PropertyValueSpecification","valueRequired":true,"valueName":"search_term_string"}}],"inLanguage":"fr-FR"}]}},"_links":{"self":[{"href":"https:\/\/protectas.be\/fr\/wp-json\/wp\/v2\/pages\/667\/"}],"collection":[{"href":"https:\/\/protectas.be\/fr\/wp-json\/wp\/v2\/pages\/"}],"about":[{"href":"https:\/\/protectas.be\/fr\/wp-json\/wp\/v2\/types\/page\/"}],"author":[{"embeddable":true,"href":"https:\/\/protectas.be\/fr\/wp-json\/wp\/v2\/users\/1\/"}],"replies":[{"embeddable":true,"href":"https:\/\/protectas.be\/fr\/wp-json\/wp\/v2\/comments\/?post=667"}],"version-history":[{"count":10,"href":"https:\/\/protectas.be\/fr\/wp-json\/wp\/v2\/pages\/667\/revisions\/"}],"predecessor-version":[{"id":5884,"href":"https:\/\/protectas.be\/fr\/wp-json\/wp\/v2\/pages\/667\/revisions\/5884\/"}],"wp:featuredmedia":[{"embeddable":true,"href":"https:\/\/protectas.be\/fr\/wp-json\/wp\/v2\/media\/3065\/"}],"wp:attachment":[{"href":"https:\/\/protectas.be\/fr\/wp-json\/wp\/v2\/media\/?parent=667"}],"curies":[{"name":"wp","href":"https:\/\/api.w.org\/{rel}","templated":true}]}}