{"id":3094,"date":"2018-03-28T09:16:38","date_gmt":"2018-03-28T08:16:38","guid":{"rendered":"http:\/\/protectas.be\/?page_id=3094"},"modified":"2019-09-10T13:16:47","modified_gmt":"2019-09-10T12:16:47","slug":"protectas-cyber-risk-medica","status":"publish","type":"page","link":"https:\/\/protectas.be\/fr\/protectas-cyber-risk-medica\/","title":{"rendered":"Cyber Protection Medica"},"content":{"rendered":"<h2>Votre protection financi\u00e8re contre les Cybercriminelles<\/h2>\n<p>Cher M\u00e9decin, ,<\/p>\n<p>La Cybercriminalit\u00e9 prend de plus en plus d\u2019ampleur sous diverses formes qui entraine de grave cons\u00e9quences. La protection de la data m\u00e9dicale digital est donc absolument n\u00e9cessaire pour la protection de donn\u00e9es personnelles. Le risque z\u00e9ro n\u2019existe malheureusement pas.<\/p>\n<p>Avec Cyber Protection Medica vous \u00eates couvert contre les cons\u00e9quences financi\u00e8res du au hacking , malware, phishing et autres cyber incidents.<\/p>\n<ul style=\"color: #79aadb;\">\n<li><strong>Des experts disponibles 24h\/24 pour vous aider<\/strong><\/li>\n<li><strong>Une Garantie en r\u00e9ponse \u00e0 chaque type d\u2019attaque<\/strong><\/li>\n<li><strong>Une protection financi\u00e8re face aux cybercriminels<\/strong><\/li>\n<\/ul>\n<p><strong><u>Les Garanties<\/u><\/strong> :<\/p>\n<ul>\n<li>Atteinte aux donn\u00e9es et programmes<\/li>\n<li>Atteinte \u00e0 la protection des donn\u00e9es \u00e0 caract\u00e8re personnel et notification<\/li>\n<li>Tentative de cyber-extorsion de fonds<\/li>\n<li>Perte de chiffre d\u2019affaires en cas de vente en ligne<\/li>\n<li>Responsabilit\u00e9 Civile Cyber<\/li>\n<li>E-r\u00e9putation<\/li>\n<\/ul>\n<p><strong>Prime annuelle 1 m\u00e9decin : 361,26 euro all-in<\/strong><br \/>\nLes m\u00e9decins coop\u00e9rant doivent \u00e9galement \u00eatre assur\u00e9s avec une <strong>prime suppl\u00e9mentaire de 71 euro par m\u00e9decin<\/strong>. (Le cabinet doit inclure tous les m\u00e9decins ind\u00e9pendants afin de b\u00e9n\u00e9ficier du contrat)<\/p>\n<p><strong>Montants assur\u00e9s:<\/strong><\/p>\n<table style=\"padding: 5px;\">\n<tbody>\n<tr>\n<td><\/td>\n<td style=\"border: 1px solid black; padding: 5px;\">Montants assur\u00e9s<\/td>\n<\/tr>\n<tr>\n<td style=\"border: 1px solid black; padding: 5px;\">Cyber risks, par sinistre :<\/p>\n<ul style=\"list-style: none;\">\n<li>&#8211; Atteintes aux donn\u00e9es et programmes :\n<ul style=\"list-style: none;\">\n<li>pour les virus ou malware touchant aussi des logiciels et \/ ou donn\u00e9es ne vous appartenant pas<\/li>\n<\/ul>\n<\/li>\n<li>&#8211; Atteinte \u00e0 la protection des donn\u00e9es \u00e0 caract\u00e8re personnel et notification<\/li>\n<li>&#8211; Tentative de cyber extorsion de fonds<\/li>\n<li>&#8211; Perte de chiffre d\u2019affaires en cas de vente-onine (couvert si l\u2019adresse Web est mentionn\u00e9e ci-dessous)<\/li>\n<\/ul>\n<\/td>\n<td style=\"border: 1px solid black; padding: 5px;\">75.000,00 EUR<\/p>\n<p>25.000,00 EUR*<\/p>\n<p>&nbsp;<\/p>\n<p>&nbsp;<\/p>\n<p>1.500,00 EUR par jour *<\/td>\n<\/tr>\n<tr>\n<td style=\"border: 1px solid black; padding: 5px;\">RC cyber, par sinistre et par ann\u00e9e d\u2019assurance<\/td>\n<td style=\"border: 1px solid black; padding: 5px;\"><strong>250.000,00 EUR<\/strong><\/td>\n<\/tr>\n<tr>\n<td style=\"border: 1px solid black; padding: 5px;\">E-reputation, par sinistre et par ann\u00e9e d\u2019assurance :<\/p>\n<ul style=\"list-style: none;\">\n<li>&#8211; recours civil extra contractuel<\/li>\n<li>&#8211; frais de nettoyage et noyage des informations<\/li>\n<\/ul>\n<\/td>\n<td style=\"border: 1px solid black; padding: 5px;\">&nbsp;<\/p>\n<p>25.000,00 EUR<br \/>\n5.000,00 EUR<\/td>\n<\/tr>\n<\/tbody>\n<\/table>\n<p><em>* Ces montants sont compris dans les montants assur\u00e9s pour les cyber risks <\/em><\/p>\n<p><strong>Pr\u00e9cisions:<\/strong><\/p>\n<ul style=\"list-style: none;\">\n<li>P\u00e9riode d\u2019indemnisation en atteinte donn\u00e9es et programmes : 12 mois<\/li>\n<li>D\u00e9lai de carence pour la perte de chiffre d\u2019affaires en cas de vente en ligne : 24 heures<\/li>\n<li>Seuil d\u2019intervention :\n<ul style=\"list-style: none;\">\n<li>&#8211; En e-r\u00e9putation, les litiges dont l\u2019enjeu est inf\u00e9rieur \u00e0 250,00 EUR ne sont pas pris en charg<\/li>\n<\/ul>\n<\/li>\n<\/ul>\n<p><strong>Franchise(s) non index\u00e9e(s):<\/strong><\/p>\n<ul style=\"list-style: none;\">\n<li>&#8211; Cyber Risks, par sinistre: 1.000,00 EUR<\/li>\n<li>&#8211; RC Cyber, par sinistre: 500,00 EUR<\/li>\n<\/ul>\n<h2>Votre Demande d\u2019assurance Cyber Protection Medica<\/h2>\n<p><span style=\"color: #79aadb;\"><br \/>\n<strong>Preneur d\u2019assurance:<\/strong>\u2026\u2026\u2026\u2026\u2026\u2026\u2026\u2026\u2026\u2026\u2026\u2026\u2026\u2026\u2026\u2026\u2026\u2026\u2026\u2026\u2026\u2026\u2026\u2026\u2026\u2026\u2026.<br \/>\n<strong>Num\u00e9ro d\u2019entreprise:<\/strong>\u2026\u2026\u2026\u2026\u2026\u2026\u2026\u2026\u2026\u2026\u2026\u2026\u2026\u2026\u2026\u2026\u2026\u2026\u2026\u2026\u2026\u2026\u2026\u2026\u2026<br \/>\n<strong>M\u00e9decin(s) \u00e0 assurer (nom + pr\u00e9nom):<\/strong> \u2026\u2026\u2026\u2026\u2026\u2026\u2026\u2026\u2026\u2026\u2026\u2026\u2026\u2026\u2026\u2026\u2026\u2026\u2026\u2026\u2026\u2026\u2026\u2026\u2026\u2026\u2026\u2026\u2026\u2026\u2026\u2026\u2026\u2026\u2026\u2026\u2026\u2026\u2026.<br \/>\n\u2026\u2026\u2026\u2026\u2026\u2026\u2026\u2026\u2026\u2026\u2026\u2026\u2026\u2026\u2026\u2026\u2026\u2026\u2026\u2026\u2026\u2026\u2026\u2026\u2026\u2026\u2026\u2026\u2026\u2026\u2026\u2026\u2026\u2026\u2026\u2026\u2026\u2026\u2026.<br \/>\n\u2026\u2026\u2026\u2026\u2026\u2026\u2026\u2026\u2026\u2026\u2026\u2026\u2026\u2026\u2026\u2026\u2026\u2026\u2026\u2026\u2026\u2026\u2026\u2026\u2026\u2026\u2026\u2026\u2026\u2026\u2026\u2026\u2026\u2026\u2026\u2026\u2026\u2026\u2026.<br \/>\n\u2026\u2026\u2026\u2026\u2026\u2026\u2026\u2026\u2026\u2026\u2026\u2026\u2026\u2026\u2026\u2026\u2026\u2026\u2026\u2026\u2026\u2026\u2026\u2026\u2026\u2026\u2026\u2026\u2026\u2026\u2026\u2026\u2026\u2026\u2026\u2026\u2026\u2026\u2026.<br \/>\n\u2026\u2026\u2026\u2026\u2026\u2026\u2026\u2026\u2026\u2026\u2026\u2026\u2026\u2026\u2026\u2026\u2026\u2026\u2026\u2026\u2026\u2026\u2026\u2026\u2026\u2026\u2026\u2026\u2026\u2026\u2026\u2026\u2026\u2026\u2026\u2026\u2026\u2026\u2026<br \/>\n<strong>Nom du domaine (adresse Web) :<\/strong>\u2026\u2026\u2026\u2026\u2026\u2026\u2026\u2026\u2026\u2026\u2026\u2026\u2026\u2026\u2026\u2026\u2026\u2026\u2026\u2026\u2026\u2026\u2026\u2026<br \/>\n<strong>Date d\u2019effet souhait\u00e9e:<\/strong>\u2026\u2026\u2026\u2026\u2026\u2026\u2026\u2026\u2026\u2026\u2026\u2026\u2026\u2026\u2026\u2026\u2026\u2026\u2026\u2026\u2026\u2026\u2026.<br \/>\n<\/span><\/p>\n<p><strong><span style=\"color: #79aadb;\">Utilisation de la plateforme E-health n\u00e9cessaire pour votre couverture t\u00e9l\u00e9consultation. <\/span><\/strong><br \/>\nOui \/ non<\/p>\n<p><strong>Pour votre demande de contrat, il suffit de compl\u00e9ter les informations ci-dessus et de nous le renvoyer sign\u00e9 par mail \u00e0 <a style=\"color: #79aadb; text-decoration: underline;\" href=\"mailto:info@protectas.be\">info@protectas.be<\/a> avec le <a style=\"color: #79aadb; text-decoration: underline;\" href=\"\/wp-content\/uploads\/2019\/09\/267-Questionnaire-Cyber-012019.pdf\" target=\"_blank\" rel=\"noopener noreferrer\">questionnaire<\/a>.<br \/>\nSi vous avez des questions, vous pouvez toujours nous contacter. <\/strong><\/p>\n<h2>Votre Team Protectas<\/h2>\n<p>Courtier d\u2019assurances ind\u00e9pendant<br \/>\nProtectas SA<\/p>\n","protected":false},"excerpt":{"rendered":"<p>Votre protection financi\u00e8re contre les Cybercriminelles Cher M\u00e9decin, , La Cybercriminalit\u00e9 prend de plus en plus d\u2019ampleur sous diverses formes qui entraine de grave cons\u00e9quences. La protection de la data m\u00e9dicale digital est donc absolument n\u00e9cessaire pour la protection de donn\u00e9es personnelles. Le risque z\u00e9ro n\u2019existe malheureusement pas. Avec Cyber Protection Medica vous \u00eates couvert&#8230;<\/p>\n","protected":false},"author":1,"featured_media":0,"parent":0,"menu_order":0,"comment_status":"closed","ping_status":"closed","template":"","meta":{"_acf_changed":false,"footnotes":""},"class_list":["post-3094","page","type-page","status-publish","hentry"],"acf":[],"yoast_head":"<!-- This site is optimized with the Yoast SEO plugin v27.4 - https:\/\/yoast.com\/product\/yoast-seo-wordpress\/ -->\n<title>Cyber Protection Medica - Protectas Risk Management<\/title>\n<meta name=\"description\" content=\"Ondernemen betekent risico\u2019s nemen. Zonder dat de continu\u00efteit in gevaar komt. Een degelijk risk management is dan essentieel. Protectas is uw partner voor een doordacht risicobeheer van uw onderneming.\" \/>\n<meta name=\"robots\" content=\"index, follow, max-snippet:-1, max-image-preview:large, max-video-preview:-1\" \/>\n<link rel=\"canonical\" href=\"https:\/\/protectas.be\/fr\/protectas-cyber-risk-medica\/\" \/>\n<meta property=\"og:locale\" content=\"fr_FR\" \/>\n<meta property=\"og:type\" content=\"article\" \/>\n<meta property=\"og:title\" content=\"Cyber Protection Medica - Protectas Risk Management\" \/>\n<meta property=\"og:description\" content=\"Ondernemen betekent risico\u2019s nemen. Zonder dat de continu\u00efteit in gevaar komt. Een degelijk risk management is dan essentieel. Protectas is uw partner voor een doordacht risicobeheer van uw onderneming.\" \/>\n<meta property=\"og:url\" content=\"https:\/\/protectas.be\/fr\/protectas-cyber-risk-medica\/\" \/>\n<meta property=\"og:site_name\" content=\"Protectas Risk Management\" \/>\n<meta property=\"article:modified_time\" content=\"2019-09-10T12:16:47+00:00\" \/>\n<meta name=\"twitter:label1\" content=\"Dur\u00e9e de lecture estim\u00e9e\" \/>\n\t<meta name=\"twitter:data1\" content=\"2 minutes\" \/>\n<script type=\"application\/ld+json\" class=\"yoast-schema-graph\">{\"@context\":\"https:\\\/\\\/schema.org\",\"@graph\":[{\"@type\":\"WebPage\",\"@id\":\"https:\\\/\\\/protectas.be\\\/fr\\\/protectas-cyber-risk-medica\\\/\",\"url\":\"https:\\\/\\\/protectas.be\\\/fr\\\/protectas-cyber-risk-medica\\\/\",\"name\":\"Cyber Protection Medica - Protectas Risk Management\",\"isPartOf\":{\"@id\":\"https:\\\/\\\/protectas.be\\\/#website\"},\"datePublished\":\"2018-03-28T08:16:38+00:00\",\"dateModified\":\"2019-09-10T12:16:47+00:00\",\"description\":\"Ondernemen betekent risico\u2019s nemen. Zonder dat de continu\u00efteit in gevaar komt. Een degelijk risk management is dan essentieel. Protectas is uw partner voor een doordacht risicobeheer van uw onderneming.\",\"breadcrumb\":{\"@id\":\"https:\\\/\\\/protectas.be\\\/fr\\\/protectas-cyber-risk-medica\\\/#breadcrumb\"},\"inLanguage\":\"fr-FR\",\"potentialAction\":[{\"@type\":\"ReadAction\",\"target\":[\"https:\\\/\\\/protectas.be\\\/fr\\\/protectas-cyber-risk-medica\\\/\"]}]},{\"@type\":\"BreadcrumbList\",\"@id\":\"https:\\\/\\\/protectas.be\\\/fr\\\/protectas-cyber-risk-medica\\\/#breadcrumb\",\"itemListElement\":[{\"@type\":\"ListItem\",\"position\":1,\"name\":\"Home\",\"item\":\"https:\\\/\\\/protectas.be\\\/fr\\\/\"},{\"@type\":\"ListItem\",\"position\":2,\"name\":\"Cyber Protection Medica\"}]},{\"@type\":\"WebSite\",\"@id\":\"https:\\\/\\\/protectas.be\\\/#website\",\"url\":\"https:\\\/\\\/protectas.be\\\/\",\"name\":\"Protectas Risk Management\",\"description\":\"\",\"potentialAction\":[{\"@type\":\"SearchAction\",\"target\":{\"@type\":\"EntryPoint\",\"urlTemplate\":\"https:\\\/\\\/protectas.be\\\/?s={search_term_string}\"},\"query-input\":{\"@type\":\"PropertyValueSpecification\",\"valueRequired\":true,\"valueName\":\"search_term_string\"}}],\"inLanguage\":\"fr-FR\"}]}<\/script>\n<!-- \/ Yoast SEO plugin. -->","yoast_head_json":{"title":"Cyber Protection Medica - Protectas Risk Management","description":"Ondernemen betekent risico\u2019s nemen. Zonder dat de continu\u00efteit in gevaar komt. Een degelijk risk management is dan essentieel. Protectas is uw partner voor een doordacht risicobeheer van uw onderneming.","robots":{"index":"index","follow":"follow","max-snippet":"max-snippet:-1","max-image-preview":"max-image-preview:large","max-video-preview":"max-video-preview:-1"},"canonical":"https:\/\/protectas.be\/fr\/protectas-cyber-risk-medica\/","og_locale":"fr_FR","og_type":"article","og_title":"Cyber Protection Medica - Protectas Risk Management","og_description":"Ondernemen betekent risico\u2019s nemen. Zonder dat de continu\u00efteit in gevaar komt. Een degelijk risk management is dan essentieel. Protectas is uw partner voor een doordacht risicobeheer van uw onderneming.","og_url":"https:\/\/protectas.be\/fr\/protectas-cyber-risk-medica\/","og_site_name":"Protectas Risk Management","article_modified_time":"2019-09-10T12:16:47+00:00","twitter_misc":{"Dur\u00e9e de lecture estim\u00e9e":"2 minutes"},"schema":{"@context":"https:\/\/schema.org","@graph":[{"@type":"WebPage","@id":"https:\/\/protectas.be\/fr\/protectas-cyber-risk-medica\/","url":"https:\/\/protectas.be\/fr\/protectas-cyber-risk-medica\/","name":"Cyber Protection Medica - Protectas Risk Management","isPartOf":{"@id":"https:\/\/protectas.be\/#website"},"datePublished":"2018-03-28T08:16:38+00:00","dateModified":"2019-09-10T12:16:47+00:00","description":"Ondernemen betekent risico\u2019s nemen. Zonder dat de continu\u00efteit in gevaar komt. Een degelijk risk management is dan essentieel. Protectas is uw partner voor een doordacht risicobeheer van uw onderneming.","breadcrumb":{"@id":"https:\/\/protectas.be\/fr\/protectas-cyber-risk-medica\/#breadcrumb"},"inLanguage":"fr-FR","potentialAction":[{"@type":"ReadAction","target":["https:\/\/protectas.be\/fr\/protectas-cyber-risk-medica\/"]}]},{"@type":"BreadcrumbList","@id":"https:\/\/protectas.be\/fr\/protectas-cyber-risk-medica\/#breadcrumb","itemListElement":[{"@type":"ListItem","position":1,"name":"Home","item":"https:\/\/protectas.be\/fr\/"},{"@type":"ListItem","position":2,"name":"Cyber Protection Medica"}]},{"@type":"WebSite","@id":"https:\/\/protectas.be\/#website","url":"https:\/\/protectas.be\/","name":"Protectas Risk Management","description":"","potentialAction":[{"@type":"SearchAction","target":{"@type":"EntryPoint","urlTemplate":"https:\/\/protectas.be\/?s={search_term_string}"},"query-input":{"@type":"PropertyValueSpecification","valueRequired":true,"valueName":"search_term_string"}}],"inLanguage":"fr-FR"}]}},"_links":{"self":[{"href":"https:\/\/protectas.be\/fr\/wp-json\/wp\/v2\/pages\/3094\/"}],"collection":[{"href":"https:\/\/protectas.be\/fr\/wp-json\/wp\/v2\/pages\/"}],"about":[{"href":"https:\/\/protectas.be\/fr\/wp-json\/wp\/v2\/types\/page\/"}],"author":[{"embeddable":true,"href":"https:\/\/protectas.be\/fr\/wp-json\/wp\/v2\/users\/1\/"}],"replies":[{"embeddable":true,"href":"https:\/\/protectas.be\/fr\/wp-json\/wp\/v2\/comments\/?post=3094"}],"version-history":[{"count":19,"href":"https:\/\/protectas.be\/fr\/wp-json\/wp\/v2\/pages\/3094\/revisions\/"}],"predecessor-version":[{"id":4523,"href":"https:\/\/protectas.be\/fr\/wp-json\/wp\/v2\/pages\/3094\/revisions\/4523\/"}],"wp:attachment":[{"href":"https:\/\/protectas.be\/fr\/wp-json\/wp\/v2\/media\/?parent=3094"}],"curies":[{"name":"wp","href":"https:\/\/api.w.org\/{rel}","templated":true}]}}