{"id":2674,"date":"2016-05-20T13:59:52","date_gmt":"2016-05-20T12:59:52","guid":{"rendered":"http:\/\/protectas.be\/?page_id=2674"},"modified":"2020-09-03T12:31:33","modified_gmt":"2020-09-03T11:31:33","slug":"vacants","status":"publish","type":"page","link":"https:\/\/protectas.be\/fr\/vacants\/","title":{"rendered":"Emplois"},"content":{"rendered":"<p>Protectas Insurance se situe \u00e0 1082 Bruxelles (Berchem \u2013 Sainte \u2013 Agathe).<br \/>\nLe bureau a plus de 30 ans d\u2019exp\u00e9rience professionnelle dans les assurances.<\/p>\n<p>Nos collaborateurs garantissent un suivi parfait de nos services.<\/p>\n<h2>Gestionnaire de dossiers assurances production\/sinistre<\/h2>\n<p>Protectas appuie ses solides ambitions sur plus de 30 ans d\u2019exp\u00e9rience dans les assurances m\u00e9dicales et les assurances pour entreprises.<\/p>\n<p>Nous nous adressons essentiellement aux professions lib\u00e9rales intellectuelles et aux entreprises soucieuses de g\u00e9rer leurs risques de mani\u00e8re optimale.<\/p>\n<h3>Description de fonction<\/h3>\n<p>Pour nos bureaux de Bruxelles \u00e0 Berchem-Sainte-Agathe, nous recherchons un gestionnaire de dossiers assurances.<\/p>\n<ul>\n<li>En tant que gestionnaire de dossiers de production et de sinistre, vous \u00eates un interlocuteur important pour nos clients.<\/li>\n<li>Vous traitez les offres et les demandes d&rsquo;assurance auto, incendie et accidents.<\/li>\n<li>Vous n\u00e9gociez les meilleures conditions pour nos clients aupr\u00e8s des compagnies d\u2019assurances.<\/li>\n<li>Vous informez nos clients et leur proposez la solution ad\u00e9quate pour leurs assurances.<\/li>\n<\/ul>\n<h3>Profil<\/h3>\n<ul>\n<li>Formation graduat\/bachelier.<\/li>\n<li>Connaissance active du n\u00e9erlandais et du fran\u00e7ais.<\/li>\n<li>Une exp\u00e9rience dans les assurances est un atout.<\/li>\n<li>Aptitude \u00e0 la communication.<\/li>\n<li>Esprit d\u2019\u00e9quipe.<\/li>\n<li>Personnalit\u00e9 assertive et positive.<\/li>\n<li>R\u00e9sidant dans la r\u00e9gion de Bruxelles\/Brabant\/Flandre orientale.<\/li>\n<\/ul>\n<h3>Notre offre<\/h3>\n<ul>\n<li>Un contrat fixe dans une entreprise en pleine croissance.<\/li>\n<li>Un emploi \u00e0 temps plein (36 heures).<\/li>\n<li>Une fonction vari\u00e9e assortie de responsabilit\u00e9s.<\/li>\n<li>Un horaire flexible avec le t\u00e9l\u00e9travaille.<\/li>\n<\/ul>\n<p>Int\u00e9ress\u00e9? Contactez-nous au\u00a0<a href=\"mailto:karl.lagrou@protectas.be\">karl.lagrou@protectas.be<\/a><\/p>\n","protected":false},"excerpt":{"rendered":"<p>Protectas Insurance se situe \u00e0 1082 Bruxelles (Berchem \u2013 Sainte \u2013 Agathe). Le bureau a plus de 30 ans d\u2019exp\u00e9rience professionnelle dans les assurances. Nos collaborateurs garantissent un suivi parfait de nos services. Gestionnaire de dossiers assurances production\/sinistre Protectas appuie ses solides ambitions sur plus de 30 ans d\u2019exp\u00e9rience dans les assurances m\u00e9dicales et les&#8230;<\/p>\n","protected":false},"author":1,"featured_media":0,"parent":0,"menu_order":0,"comment_status":"closed","ping_status":"closed","template":"","meta":{"_acf_changed":false,"footnotes":""},"class_list":["post-2674","page","type-page","status-publish","hentry"],"acf":[],"yoast_head":"<!-- This site is optimized with the Yoast SEO plugin v27.4 - https:\/\/yoast.com\/product\/yoast-seo-wordpress\/ -->\n<title>Emplois - Protectas Risk Management<\/title>\n<meta name=\"description\" content=\"Ondernemen betekent risico\u2019s nemen. Zonder dat de continu\u00efteit in gevaar komt. Een degelijk risk management is dan essentieel. Protectas is uw partner voor een doordacht risicobeheer van uw onderneming.\" \/>\n<meta name=\"robots\" content=\"index, follow, max-snippet:-1, max-image-preview:large, max-video-preview:-1\" \/>\n<link rel=\"canonical\" href=\"https:\/\/protectas.be\/fr\/vacants\/\" \/>\n<meta property=\"og:locale\" content=\"fr_FR\" \/>\n<meta property=\"og:type\" content=\"article\" \/>\n<meta property=\"og:title\" content=\"Emplois - Protectas Risk Management\" \/>\n<meta property=\"og:description\" content=\"Ondernemen betekent risico\u2019s nemen. Zonder dat de continu\u00efteit in gevaar komt. Een degelijk risk management is dan essentieel. Protectas is uw partner voor een doordacht risicobeheer van uw onderneming.\" \/>\n<meta property=\"og:url\" content=\"https:\/\/protectas.be\/fr\/vacants\/\" \/>\n<meta property=\"og:site_name\" content=\"Protectas Risk Management\" \/>\n<meta property=\"article:modified_time\" content=\"2020-09-03T11:31:33+00:00\" \/>\n<meta name=\"twitter:label1\" content=\"Dur\u00e9e de lecture estim\u00e9e\" \/>\n\t<meta name=\"twitter:data1\" content=\"1 minute\" \/>\n<script type=\"application\/ld+json\" class=\"yoast-schema-graph\">{\"@context\":\"https:\\\/\\\/schema.org\",\"@graph\":[{\"@type\":\"WebPage\",\"@id\":\"https:\\\/\\\/protectas.be\\\/fr\\\/vacants\\\/\",\"url\":\"https:\\\/\\\/protectas.be\\\/fr\\\/vacants\\\/\",\"name\":\"Emplois - Protectas Risk Management\",\"isPartOf\":{\"@id\":\"https:\\\/\\\/protectas.be\\\/#website\"},\"datePublished\":\"2016-05-20T12:59:52+00:00\",\"dateModified\":\"2020-09-03T11:31:33+00:00\",\"description\":\"Ondernemen betekent risico\u2019s nemen. Zonder dat de continu\u00efteit in gevaar komt. Een degelijk risk management is dan essentieel. Protectas is uw partner voor een doordacht risicobeheer van uw onderneming.\",\"breadcrumb\":{\"@id\":\"https:\\\/\\\/protectas.be\\\/fr\\\/vacants\\\/#breadcrumb\"},\"inLanguage\":\"fr-FR\",\"potentialAction\":[{\"@type\":\"ReadAction\",\"target\":[\"https:\\\/\\\/protectas.be\\\/fr\\\/vacants\\\/\"]}]},{\"@type\":\"BreadcrumbList\",\"@id\":\"https:\\\/\\\/protectas.be\\\/fr\\\/vacants\\\/#breadcrumb\",\"itemListElement\":[{\"@type\":\"ListItem\",\"position\":1,\"name\":\"Home\",\"item\":\"https:\\\/\\\/protectas.be\\\/fr\\\/\"},{\"@type\":\"ListItem\",\"position\":2,\"name\":\"Emplois\"}]},{\"@type\":\"WebSite\",\"@id\":\"https:\\\/\\\/protectas.be\\\/#website\",\"url\":\"https:\\\/\\\/protectas.be\\\/\",\"name\":\"Protectas Risk Management\",\"description\":\"\",\"potentialAction\":[{\"@type\":\"SearchAction\",\"target\":{\"@type\":\"EntryPoint\",\"urlTemplate\":\"https:\\\/\\\/protectas.be\\\/?s={search_term_string}\"},\"query-input\":{\"@type\":\"PropertyValueSpecification\",\"valueRequired\":true,\"valueName\":\"search_term_string\"}}],\"inLanguage\":\"fr-FR\"}]}<\/script>\n<!-- \/ Yoast SEO plugin. -->","yoast_head_json":{"title":"Emplois - Protectas Risk Management","description":"Ondernemen betekent risico\u2019s nemen. Zonder dat de continu\u00efteit in gevaar komt. Een degelijk risk management is dan essentieel. Protectas is uw partner voor een doordacht risicobeheer van uw onderneming.","robots":{"index":"index","follow":"follow","max-snippet":"max-snippet:-1","max-image-preview":"max-image-preview:large","max-video-preview":"max-video-preview:-1"},"canonical":"https:\/\/protectas.be\/fr\/vacants\/","og_locale":"fr_FR","og_type":"article","og_title":"Emplois - Protectas Risk Management","og_description":"Ondernemen betekent risico\u2019s nemen. Zonder dat de continu\u00efteit in gevaar komt. Een degelijk risk management is dan essentieel. Protectas is uw partner voor een doordacht risicobeheer van uw onderneming.","og_url":"https:\/\/protectas.be\/fr\/vacants\/","og_site_name":"Protectas Risk Management","article_modified_time":"2020-09-03T11:31:33+00:00","twitter_misc":{"Dur\u00e9e de lecture estim\u00e9e":"1 minute"},"schema":{"@context":"https:\/\/schema.org","@graph":[{"@type":"WebPage","@id":"https:\/\/protectas.be\/fr\/vacants\/","url":"https:\/\/protectas.be\/fr\/vacants\/","name":"Emplois - Protectas Risk Management","isPartOf":{"@id":"https:\/\/protectas.be\/#website"},"datePublished":"2016-05-20T12:59:52+00:00","dateModified":"2020-09-03T11:31:33+00:00","description":"Ondernemen betekent risico\u2019s nemen. Zonder dat de continu\u00efteit in gevaar komt. Een degelijk risk management is dan essentieel. Protectas is uw partner voor een doordacht risicobeheer van uw onderneming.","breadcrumb":{"@id":"https:\/\/protectas.be\/fr\/vacants\/#breadcrumb"},"inLanguage":"fr-FR","potentialAction":[{"@type":"ReadAction","target":["https:\/\/protectas.be\/fr\/vacants\/"]}]},{"@type":"BreadcrumbList","@id":"https:\/\/protectas.be\/fr\/vacants\/#breadcrumb","itemListElement":[{"@type":"ListItem","position":1,"name":"Home","item":"https:\/\/protectas.be\/fr\/"},{"@type":"ListItem","position":2,"name":"Emplois"}]},{"@type":"WebSite","@id":"https:\/\/protectas.be\/#website","url":"https:\/\/protectas.be\/","name":"Protectas Risk Management","description":"","potentialAction":[{"@type":"SearchAction","target":{"@type":"EntryPoint","urlTemplate":"https:\/\/protectas.be\/?s={search_term_string}"},"query-input":{"@type":"PropertyValueSpecification","valueRequired":true,"valueName":"search_term_string"}}],"inLanguage":"fr-FR"}]}},"_links":{"self":[{"href":"https:\/\/protectas.be\/fr\/wp-json\/wp\/v2\/pages\/2674\/"}],"collection":[{"href":"https:\/\/protectas.be\/fr\/wp-json\/wp\/v2\/pages\/"}],"about":[{"href":"https:\/\/protectas.be\/fr\/wp-json\/wp\/v2\/types\/page\/"}],"author":[{"embeddable":true,"href":"https:\/\/protectas.be\/fr\/wp-json\/wp\/v2\/users\/1\/"}],"replies":[{"embeddable":true,"href":"https:\/\/protectas.be\/fr\/wp-json\/wp\/v2\/comments\/?post=2674"}],"version-history":[{"count":10,"href":"https:\/\/protectas.be\/fr\/wp-json\/wp\/v2\/pages\/2674\/revisions\/"}],"predecessor-version":[{"id":5210,"href":"https:\/\/protectas.be\/fr\/wp-json\/wp\/v2\/pages\/2674\/revisions\/5210\/"}],"wp:attachment":[{"href":"https:\/\/protectas.be\/fr\/wp-json\/wp\/v2\/media\/?parent=2674"}],"curies":[{"name":"wp","href":"https:\/\/api.w.org\/{rel}","templated":true}]}}