{"id":1971,"date":"2014-11-19T19:08:28","date_gmt":"2014-11-19T18:08:28","guid":{"rendered":"http:\/\/protectas.be\/?page_id=1971"},"modified":"2014-11-19T19:08:28","modified_gmt":"2014-11-19T18:08:28","slug":"sinistre-autre","status":"publish","type":"page","link":"https:\/\/protectas.be\/fr\/dommage\/declarer-des-sinistres-en-ligne\/sinistre-autre\/","title":{"rendered":"Sinistre autre"},"content":{"rendered":"\n<div class=\"wpcf7 no-js\" id=\"wpcf7-f881-o1\" lang=\"fr-FR\" dir=\"ltr\" data-wpcf7-id=\"881\">\n<div class=\"screen-reader-response\"><p role=\"status\" aria-live=\"polite\" aria-atomic=\"true\"><\/p> <ul><\/ul><\/div>\n<form action=\"\/fr\/wp-json\/wp\/v2\/pages\/1971\/#wpcf7-f881-o1\" method=\"post\" class=\"wpcf7-form init cmonitor-ext-0.4.67 wpcf7-acceptance-as-validation\" aria-label=\"Formulaire de contact\" enctype=\"multipart\/form-data\" novalidate=\"novalidate\" data-status=\"init\">\n<fieldset class=\"hidden-fields-container\"><input type=\"hidden\" name=\"_wpcf7\" value=\"881\" \/><input type=\"hidden\" name=\"_wpcf7_version\" value=\"6.1.5\" \/><input type=\"hidden\" name=\"_wpcf7_locale\" value=\"fr_FR\" \/><input type=\"hidden\" name=\"_wpcf7_unit_tag\" value=\"wpcf7-f881-o1\" \/><input type=\"hidden\" name=\"_wpcf7_container_post\" value=\"0\" \/><input type=\"hidden\" name=\"_wpcf7_posted_data_hash\" value=\"\" \/><input type=\"hidden\" name=\"_wpcf7_recaptcha_response\" value=\"\" \/>\n<\/fieldset>\n<h3>Preneur\n<\/h3>\n<div class=\"form-group\">\n\t<p><label for=\"firstname\">Pr\u00e9nom *<\/label><br \/>\n<span class=\"wpcf7-form-control-wrap\" data-name=\"firstname\"><input size=\"40\" maxlength=\"400\" class=\"wpcf7-form-control wpcf7-text wpcf7-validates-as-required input form-control\" id=\"firstname\" aria-required=\"true\" aria-invalid=\"false\" value=\"\" type=\"text\" name=\"firstname\" \/><\/span>\n\t<\/p>\n<\/div>\n<div class=\"form-group\">\n\t<p><label for=\"lastname\">Nom *<\/label><br \/>\n<span class=\"wpcf7-form-control-wrap\" data-name=\"lastname\"><input size=\"40\" maxlength=\"400\" class=\"wpcf7-form-control wpcf7-text wpcf7-validates-as-required input form-control\" id=\"lastname\" aria-required=\"true\" aria-invalid=\"false\" value=\"\" type=\"text\" name=\"lastname\" \/><\/span>\n\t<\/p>\n<\/div>\n<div class=\"form-group\">\n\t<p><label for=\"street\">Rue *<\/label><span class=\"wpcf7-form-control-wrap\" data-name=\"street\"><input size=\"40\" maxlength=\"400\" class=\"wpcf7-form-control wpcf7-text wpcf7-validates-as-required input form-control\" id=\"street\" aria-required=\"true\" aria-invalid=\"false\" value=\"\" type=\"text\" name=\"street\" \/><\/span>\n\t<\/p>\n<\/div>\n<div class=\"form-group\">\n\t<p><label for=\"postal\">Code postal *<\/label><span class=\"wpcf7-form-control-wrap\" data-name=\"postal\"><input size=\"40\" maxlength=\"400\" class=\"wpcf7-form-control wpcf7-text wpcf7-validates-as-required input form-control\" id=\"postal\" aria-required=\"true\" aria-invalid=\"false\" value=\"\" type=\"text\" name=\"postal\" \/><\/span>\n\t<\/p>\n<\/div>\n<div class=\"form-group\">\n\t<p><label for=\"city\">Commune *<\/label><span class=\"wpcf7-form-control-wrap\" data-name=\"city\"><input size=\"40\" maxlength=\"400\" class=\"wpcf7-form-control wpcf7-text wpcf7-validates-as-required input form-control\" id=\"city\" aria-required=\"true\" aria-invalid=\"false\" value=\"\" type=\"text\" name=\"city\" \/><\/span>\n\t<\/p>\n<\/div>\n<div class=\"form-group\">\n\t<p><label for=\"telnr\">T\u00e9l *<\/label><span class=\"wpcf7-form-control-wrap\" data-name=\"telnr\"><input size=\"40\" maxlength=\"400\" class=\"wpcf7-form-control wpcf7-text wpcf7-validates-as-required input form-control\" id=\"telnr\" aria-required=\"true\" aria-invalid=\"false\" value=\"\" type=\"text\" name=\"telnr\" \/><\/span>\n\t<\/p>\n<\/div>\n<div class=\"form-group\">\n\t<p><label for=\"mail\">E-mail *<\/label><span class=\"wpcf7-form-control-wrap\" data-name=\"mail\"><input size=\"40\" maxlength=\"400\" class=\"wpcf7-form-control wpcf7-text wpcf7-validates-as-required input form-control\" id=\"mail\" aria-required=\"true\" aria-invalid=\"false\" value=\"\" type=\"text\" name=\"mail\" \/><\/span>\n\t<\/p>\n<\/div>\n<div class=\"form-group\">\n\t<p><label for=\"polis\">Num\u00e9ro de police<\/label><span class=\"wpcf7-form-control-wrap\" data-name=\"polis\"><input size=\"40\" maxlength=\"400\" class=\"wpcf7-form-control wpcf7-text input form-control\" id=\"polis\" aria-invalid=\"false\" value=\"\" type=\"text\" name=\"polis\" \/><\/span>\n\t<\/p>\n<\/div>\n<hr \/>\n<h3>Homologue\n<\/h3>\n<div class=\"form-group\">\n\t<p><label for=\"firstname-t\">Pr\u00e9nom<\/label><br \/>\n<span class=\"wpcf7-form-control-wrap\" data-name=\"firstname-t\"><input size=\"40\" maxlength=\"400\" class=\"wpcf7-form-control wpcf7-text input form-control\" id=\"firstname-t\" aria-invalid=\"false\" value=\"\" type=\"text\" name=\"firstname-t\" \/><\/span>\n\t<\/p>\n<\/div>\n<div class=\"form-group\">\n\t<p><label for=\"lastname-t\">Nom<\/label><br \/>\n<span class=\"wpcf7-form-control-wrap\" data-name=\"lastname-t\"><input size=\"40\" maxlength=\"400\" class=\"wpcf7-form-control wpcf7-text input form-control\" id=\"lastname-t\" aria-invalid=\"false\" value=\"\" type=\"text\" name=\"lastname-t\" \/><\/span>\n\t<\/p>\n<\/div>\n<div class=\"form-group\">\n\t<p><label for=\"street-t\">Rue<\/label><br \/>\n<span class=\"wpcf7-form-control-wrap\" data-name=\"street-t\"><input size=\"40\" maxlength=\"400\" class=\"wpcf7-form-control wpcf7-text input form-control\" id=\"street-t\" aria-invalid=\"false\" value=\"\" type=\"text\" name=\"street-t\" \/><\/span>\n\t<\/p>\n<\/div>\n<div class=\"form-group\">\n\t<p><label for=\"postal-t\">Code postal<\/label><br \/>\n<span class=\"wpcf7-form-control-wrap\" data-name=\"postal-t\"><input size=\"40\" maxlength=\"400\" class=\"wpcf7-form-control wpcf7-text input form-control\" id=\"postal-t\" aria-invalid=\"false\" value=\"\" type=\"text\" name=\"postal-t\" \/><\/span>\n\t<\/p>\n<\/div>\n<div class=\"form-group\">\n\t<p><label for=\"city-t\">Commune<\/label><br \/>\n<span class=\"wpcf7-form-control-wrap\" data-name=\"city-t\"><input size=\"40\" maxlength=\"400\" class=\"wpcf7-form-control wpcf7-text input form-control\" id=\"city-t\" aria-invalid=\"false\" value=\"\" type=\"text\" name=\"city-t\" \/><\/span>\n\t<\/p>\n<\/div>\n<div class=\"form-group\">\n\t<p><label for=\"telnr-t\">Tel<\/label><br \/>\n<span class=\"wpcf7-form-control-wrap\" data-name=\"telnr-t\"><input size=\"40\" maxlength=\"400\" class=\"wpcf7-form-control wpcf7-text input form-control\" id=\"telnr-t\" aria-invalid=\"false\" value=\"\" type=\"text\" name=\"telnr-t\" \/><\/span>\n\t<\/p>\n<\/div>\n<div class=\"form-group\">\n\t<p><label for=\"mail-t\">E-mail<\/label><br \/>\n<span class=\"wpcf7-form-control-wrap\" data-name=\"mail-t\"><input size=\"40\" maxlength=\"400\" class=\"wpcf7-form-control wpcf7-text input form-control\" id=\"mail-t\" aria-invalid=\"false\" value=\"\" type=\"text\" name=\"mail-t\" \/><\/span>\n\t<\/p>\n<\/div>\n<div class=\"form-group\">\n\t<p><label for=\"polis-t\">Num\u00e9ro de police<\/label><br \/>\n<span class=\"wpcf7-form-control-wrap\" data-name=\"polis-t\"><input size=\"40\" maxlength=\"400\" class=\"wpcf7-form-control wpcf7-text input form-control\" id=\"polis-t\" aria-invalid=\"false\" value=\"\" type=\"text\" name=\"polis-t\" \/><\/span>\n\t<\/p>\n<\/div>\n<hr \/>\n<h3>Sinistre\n<\/h3>\n<div class=\"form-group\">\n\t<p><label for=\"hersteller\">Nom r\u00e9parateur<\/label><br \/>\n<span class=\"wpcf7-form-control-wrap\" data-name=\"hersteller\"><input size=\"40\" maxlength=\"400\" class=\"wpcf7-form-control wpcf7-text input form-control\" id=\"hersteller\" aria-invalid=\"false\" value=\"\" type=\"text\" name=\"hersteller\" \/><\/span>\n\t<\/p>\n<\/div>\n<div class=\"form-group\">\n\t<p><label for=\"herstelleradres\">Adresse r\u00e9parateur<\/label><br \/>\n<span class=\"wpcf7-form-control-wrap\" data-name=\"herstelleradres\"><input size=\"40\" maxlength=\"400\" class=\"wpcf7-form-control wpcf7-text input form-control\" id=\"herstelleradres\" aria-invalid=\"false\" value=\"\" type=\"text\" name=\"herstelleradres\" \/><\/span>\n\t<\/p>\n<\/div>\n<div class=\"form-group\">\n\t<p><label for=\"dp\">Date + Lieu *<\/label><br \/>\n<span class=\"wpcf7-form-control-wrap\" data-name=\"dp\"><input size=\"40\" maxlength=\"400\" class=\"wpcf7-form-control wpcf7-text wpcf7-validates-as-required input form-control\" id=\"dp\" aria-required=\"true\" aria-invalid=\"false\" value=\"\" type=\"text\" name=\"dp\" \/><\/span>\n\t<\/p>\n<\/div>\n<div class=\"form-group\">\n\t<p><label for=\"bijlage\">T\u00e9l\u00e9charger la pi\u00e8ce jointe<\/label><br \/>\n<span class=\"wpcf7-form-control-wrap\" data-name=\"bijlage\"><input size=\"40\" class=\"wpcf7-form-control wpcf7-file input form-control\" id=\"bijlage\" accept=\"audio\/*,video\/*,image\/*\" aria-invalid=\"false\" type=\"file\" name=\"bijlage\" \/><\/span>\n\t<\/p>\n<\/div>\n<div class=\"form-group\">\n\t<p><label for=\"omstandigheden\">Conditions<\/label><br \/>\n<span class=\"wpcf7-form-control-wrap\" data-name=\"omstandigheden\"><textarea cols=\"40\" rows=\"10\" maxlength=\"2000\" class=\"wpcf7-form-control wpcf7-textarea input form-control\" id=\"omstandigheden\" aria-invalid=\"false\" name=\"omstandigheden\"><\/textarea><\/span>\n\t<\/p>\n<\/div>\n<div class=\"form-group\">\n\t<p><strong><label for=\"btwformulier\">T\u00e9l\u00e9chargez des photos (max. 2 Mo, .png .jpg .jpeg .png).<\/label><\/strong><br \/>\n<span class=\"wpcf7-form-control-wrap\" data-name=\"file-foto1\"><input size=\"40\" class=\"wpcf7-form-control wpcf7-file form-control\" id=\"file-foto1\" accept=\".gif,.png,.jpg,.jpeg\" aria-invalid=\"false\" type=\"file\" name=\"file-foto1\" \/><\/span><br \/>\n<span class=\"wpcf7-form-control-wrap\" data-name=\"file-foto2\"><input size=\"40\" class=\"wpcf7-form-control wpcf7-file form-control\" id=\"file-foto2\" accept=\".gif,.png,.jpg,.jpeg\" aria-invalid=\"false\" type=\"file\" name=\"file-foto2\" \/><\/span><br \/>\n<span class=\"wpcf7-form-control-wrap\" data-name=\"file-foto3\"><input size=\"40\" class=\"wpcf7-form-control wpcf7-file form-control\" id=\"file-foto3\" accept=\".gif,.png,.jpg,.jpeg\" aria-invalid=\"false\" type=\"file\" name=\"file-foto3\" \/><\/span><br \/>\n<span class=\"wpcf7-form-control-wrap\" data-name=\"file-foto4\"><input size=\"40\" class=\"wpcf7-form-control wpcf7-file form-control\" id=\"file-foto4\" accept=\".gif,.png,.jpg,.jpeg\" aria-invalid=\"false\" type=\"file\" name=\"file-foto4\" \/><\/span><br \/>\n<span class=\"wpcf7-form-control-wrap\" data-name=\"file-foto5\"><input size=\"40\" class=\"wpcf7-form-control wpcf7-file form-control\" id=\"file-foto5\" accept=\".gif,.png,.jpg,.jpeg\" aria-invalid=\"false\" type=\"file\" name=\"file-foto5\" \/><\/span><br \/>\n<span class=\"wpcf7-form-control-wrap\" data-name=\"file-foto6\"><input size=\"40\" class=\"wpcf7-form-control wpcf7-file form-control\" id=\"file-foto6\" accept=\".gif,.png,.jpg,.jpeg\" aria-invalid=\"false\" type=\"file\" name=\"file-foto6\" \/><\/span><br \/>\n<span class=\"wpcf7-form-control-wrap\" data-name=\"file-foto7\"><input size=\"40\" class=\"wpcf7-form-control wpcf7-file form-control\" id=\"file-foto7\" accept=\".gif,.png,.jpg,.jpeg\" aria-invalid=\"false\" type=\"file\" name=\"file-foto7\" \/><\/span><br \/>\n<span class=\"wpcf7-form-control-wrap\" data-name=\"file-foto8\"><input size=\"40\" class=\"wpcf7-form-control wpcf7-file form-control\" id=\"file-foto8\" accept=\".gif,.png,.jpg,.jpeg\" aria-invalid=\"false\" type=\"file\" name=\"file-foto8\" \/><\/span>\n\t<\/p>\n<\/div>\n<div class=\"form-group\">\n\t<p><label>Veuillez remplir le champ ci-dessous ( protection anti-spam)*<\/label><br \/>\n<input type=\"hidden\" name=\"_wpcf7_captcha_challenge_captcha\" value=\"1063367649\" \/><img loading=\"lazy\" decoding=\"async\" class=\"wpcf7-form-control wpcf7-captchac wpcf7-captcha-captcha\" width=\"72\" height=\"24\" alt=\"captcha\" src=\"https:\/\/protectas.be\/wp-content\/uploads\/wpcf7_captcha\/1063367649.png\" \/>\n\t<\/p>\n\t<p><span class=\"wpcf7-form-control-wrap\" data-name=\"captcha\"><input size=\"40\" class=\"wpcf7-form-control wpcf7-captchar input form-control\" autocomplete=\"off\" aria-invalid=\"false\" value=\"\" type=\"text\" name=\"captcha\" \/><\/span>\n\t<\/p>\n<\/div>\n<div class=\"form-group\">\n\t<p><span class=\"wpcf7-form-control-wrap\" data-name=\"your-consent\"><span class=\"wpcf7-form-control wpcf7-acceptance\"><span class=\"wpcf7-list-item\"><label><input type=\"checkbox\" name=\"your-consent\" value=\"1\" aria-invalid=\"false\" \/><span class=\"wpcf7-list-item-label\">J'ai lu et j'accepte <a href=\"\/fr\/clause-de-confidentialite\/\" target=\"_blank\" style=\"text-decoration: underline;\">la d\u00e9claration de confidentialit\u00e9<\/a>.<\/span><\/label><\/span><\/span><\/span>\n\t<\/p>\n<\/div>\n<div class=\"form-group\">\n\t<p><input class=\"wpcf7-form-control wpcf7-submit has-spinner btn-main\" type=\"submit\" value=\"Envoyer dommages de d\u00e9claration\" \/>\n\t<\/p>\n<\/div><div class=\"wpcf7-response-output\" aria-hidden=\"true\"><\/div><p style=\"display: none !important\"><span class=\"wpcf7-form-control-wrap referer-page\"><input type=\"text\" name=\"referer-page\" value=\"http:\/\/Direct%20Visit\" data-value=\"http:\/\/Direct%20Visit\" size=\"40\" class=\"wpcf7-form-control wpcf7-text referer-page\" aria-invalid=\"false\"><\/span><\/p>\n<!-- campaignmonitor extension by Renzo Johnson -->\n<\/form>\n<\/div>\n\n","protected":false},"excerpt":{"rendered":"","protected":false},"author":1,"featured_media":0,"parent":1957,"menu_order":0,"comment_status":"closed","ping_status":"closed","template":"","meta":{"_acf_changed":false,"footnotes":""},"class_list":["post-1971","page","type-page","status-publish","hentry"],"acf":[],"yoast_head":"<!-- This site is optimized with the Yoast SEO plugin v27.4 - https:\/\/yoast.com\/product\/yoast-seo-wordpress\/ -->\n<title>Sinistre autre - Protectas Risk Management<\/title>\n<meta name=\"description\" content=\"Ondernemen betekent risico\u2019s nemen. Zonder dat de continu\u00efteit in gevaar komt. Een degelijk risk management is dan essentieel. Protectas is uw partner voor een doordacht risicobeheer van uw onderneming.\" \/>\n<meta name=\"robots\" content=\"index, follow, max-snippet:-1, max-image-preview:large, max-video-preview:-1\" \/>\n<link rel=\"canonical\" href=\"https:\/\/protectas.be\/fr\/dommage\/declarer-des-sinistres-en-ligne\/sinistre-autre\/\" \/>\n<meta property=\"og:locale\" content=\"fr_FR\" \/>\n<meta property=\"og:type\" content=\"article\" \/>\n<meta property=\"og:title\" content=\"Sinistre autre - Protectas Risk Management\" \/>\n<meta property=\"og:description\" content=\"Ondernemen betekent risico\u2019s nemen. Zonder dat de continu\u00efteit in gevaar komt. Een degelijk risk management is dan essentieel. Protectas is uw partner voor een doordacht risicobeheer van uw onderneming.\" \/>\n<meta property=\"og:url\" content=\"https:\/\/protectas.be\/fr\/dommage\/declarer-des-sinistres-en-ligne\/sinistre-autre\/\" \/>\n<meta property=\"og:site_name\" content=\"Protectas Risk Management\" \/>\n<script type=\"application\/ld+json\" class=\"yoast-schema-graph\">{\"@context\":\"https:\\\/\\\/schema.org\",\"@graph\":[{\"@type\":\"WebPage\",\"@id\":\"https:\\\/\\\/protectas.be\\\/fr\\\/dommage\\\/declarer-des-sinistres-en-ligne\\\/sinistre-autre\\\/\",\"url\":\"https:\\\/\\\/protectas.be\\\/fr\\\/dommage\\\/declarer-des-sinistres-en-ligne\\\/sinistre-autre\\\/\",\"name\":\"Sinistre autre - Protectas Risk Management\",\"isPartOf\":{\"@id\":\"https:\\\/\\\/protectas.be\\\/#website\"},\"datePublished\":\"2014-11-19T18:08:28+00:00\",\"description\":\"Ondernemen betekent risico\u2019s nemen. Zonder dat de continu\u00efteit in gevaar komt. Een degelijk risk management is dan essentieel. Protectas is uw partner voor een doordacht risicobeheer van uw onderneming.\",\"breadcrumb\":{\"@id\":\"https:\\\/\\\/protectas.be\\\/fr\\\/dommage\\\/declarer-des-sinistres-en-ligne\\\/sinistre-autre\\\/#breadcrumb\"},\"inLanguage\":\"fr-FR\",\"potentialAction\":[{\"@type\":\"ReadAction\",\"target\":[\"https:\\\/\\\/protectas.be\\\/fr\\\/dommage\\\/declarer-des-sinistres-en-ligne\\\/sinistre-autre\\\/\"]}]},{\"@type\":\"BreadcrumbList\",\"@id\":\"https:\\\/\\\/protectas.be\\\/fr\\\/dommage\\\/declarer-des-sinistres-en-ligne\\\/sinistre-autre\\\/#breadcrumb\",\"itemListElement\":[{\"@type\":\"ListItem\",\"position\":1,\"name\":\"Home\",\"item\":\"https:\\\/\\\/protectas.be\\\/fr\\\/\"},{\"@type\":\"ListItem\",\"position\":2,\"name\":\"Sinistres\",\"item\":\"https:\\\/\\\/protectas.be\\\/fr\\\/dommage\\\/\"},{\"@type\":\"ListItem\",\"position\":3,\"name\":\"D\u00e9clarer des sinistres en ligne\",\"item\":\"https:\\\/\\\/protectas.be\\\/fr\\\/dommage\\\/declarer-des-sinistres-en-ligne\\\/\"},{\"@type\":\"ListItem\",\"position\":4,\"name\":\"Sinistre autre\"}]},{\"@type\":\"WebSite\",\"@id\":\"https:\\\/\\\/protectas.be\\\/#website\",\"url\":\"https:\\\/\\\/protectas.be\\\/\",\"name\":\"Protectas Risk Management\",\"description\":\"\",\"potentialAction\":[{\"@type\":\"SearchAction\",\"target\":{\"@type\":\"EntryPoint\",\"urlTemplate\":\"https:\\\/\\\/protectas.be\\\/?s={search_term_string}\"},\"query-input\":{\"@type\":\"PropertyValueSpecification\",\"valueRequired\":true,\"valueName\":\"search_term_string\"}}],\"inLanguage\":\"fr-FR\"}]}<\/script>\n<!-- \/ Yoast SEO plugin. -->","yoast_head_json":{"title":"Sinistre autre - Protectas Risk Management","description":"Ondernemen betekent risico\u2019s nemen. Zonder dat de continu\u00efteit in gevaar komt. Een degelijk risk management is dan essentieel. Protectas is uw partner voor een doordacht risicobeheer van uw onderneming.","robots":{"index":"index","follow":"follow","max-snippet":"max-snippet:-1","max-image-preview":"max-image-preview:large","max-video-preview":"max-video-preview:-1"},"canonical":"https:\/\/protectas.be\/fr\/dommage\/declarer-des-sinistres-en-ligne\/sinistre-autre\/","og_locale":"fr_FR","og_type":"article","og_title":"Sinistre autre - Protectas Risk Management","og_description":"Ondernemen betekent risico\u2019s nemen. Zonder dat de continu\u00efteit in gevaar komt. Een degelijk risk management is dan essentieel. Protectas is uw partner voor een doordacht risicobeheer van uw onderneming.","og_url":"https:\/\/protectas.be\/fr\/dommage\/declarer-des-sinistres-en-ligne\/sinistre-autre\/","og_site_name":"Protectas Risk Management","schema":{"@context":"https:\/\/schema.org","@graph":[{"@type":"WebPage","@id":"https:\/\/protectas.be\/fr\/dommage\/declarer-des-sinistres-en-ligne\/sinistre-autre\/","url":"https:\/\/protectas.be\/fr\/dommage\/declarer-des-sinistres-en-ligne\/sinistre-autre\/","name":"Sinistre autre - Protectas Risk Management","isPartOf":{"@id":"https:\/\/protectas.be\/#website"},"datePublished":"2014-11-19T18:08:28+00:00","description":"Ondernemen betekent risico\u2019s nemen. Zonder dat de continu\u00efteit in gevaar komt. Een degelijk risk management is dan essentieel. Protectas is uw partner voor een doordacht risicobeheer van uw onderneming.","breadcrumb":{"@id":"https:\/\/protectas.be\/fr\/dommage\/declarer-des-sinistres-en-ligne\/sinistre-autre\/#breadcrumb"},"inLanguage":"fr-FR","potentialAction":[{"@type":"ReadAction","target":["https:\/\/protectas.be\/fr\/dommage\/declarer-des-sinistres-en-ligne\/sinistre-autre\/"]}]},{"@type":"BreadcrumbList","@id":"https:\/\/protectas.be\/fr\/dommage\/declarer-des-sinistres-en-ligne\/sinistre-autre\/#breadcrumb","itemListElement":[{"@type":"ListItem","position":1,"name":"Home","item":"https:\/\/protectas.be\/fr\/"},{"@type":"ListItem","position":2,"name":"Sinistres","item":"https:\/\/protectas.be\/fr\/dommage\/"},{"@type":"ListItem","position":3,"name":"D\u00e9clarer des sinistres en ligne","item":"https:\/\/protectas.be\/fr\/dommage\/declarer-des-sinistres-en-ligne\/"},{"@type":"ListItem","position":4,"name":"Sinistre autre"}]},{"@type":"WebSite","@id":"https:\/\/protectas.be\/#website","url":"https:\/\/protectas.be\/","name":"Protectas Risk Management","description":"","potentialAction":[{"@type":"SearchAction","target":{"@type":"EntryPoint","urlTemplate":"https:\/\/protectas.be\/?s={search_term_string}"},"query-input":{"@type":"PropertyValueSpecification","valueRequired":true,"valueName":"search_term_string"}}],"inLanguage":"fr-FR"}]}},"_links":{"self":[{"href":"https:\/\/protectas.be\/fr\/wp-json\/wp\/v2\/pages\/1971\/"}],"collection":[{"href":"https:\/\/protectas.be\/fr\/wp-json\/wp\/v2\/pages\/"}],"about":[{"href":"https:\/\/protectas.be\/fr\/wp-json\/wp\/v2\/types\/page\/"}],"author":[{"embeddable":true,"href":"https:\/\/protectas.be\/fr\/wp-json\/wp\/v2\/users\/1\/"}],"replies":[{"embeddable":true,"href":"https:\/\/protectas.be\/fr\/wp-json\/wp\/v2\/comments\/?post=1971"}],"version-history":[{"count":1,"href":"https:\/\/protectas.be\/fr\/wp-json\/wp\/v2\/pages\/1971\/revisions\/"}],"predecessor-version":[{"id":1973,"href":"https:\/\/protectas.be\/fr\/wp-json\/wp\/v2\/pages\/1971\/revisions\/1973\/"}],"up":[{"embeddable":true,"href":"https:\/\/protectas.be\/fr\/wp-json\/wp\/v2\/pages\/1957\/"}],"wp:attachment":[{"href":"https:\/\/protectas.be\/fr\/wp-json\/wp\/v2\/media\/?parent=1971"}],"curies":[{"name":"wp","href":"https:\/\/api.w.org\/{rel}","templated":true}]}}